{"id":3485,"date":"2024-11-18T13:50:56","date_gmt":"2024-11-18T13:50:56","guid":{"rendered":"https:\/\/mobilaiud.ro\/product\/set-alpin\/"},"modified":"2025-01-17T11:19:05","modified_gmt":"2025-01-17T11:19:05","slug":"set-alpin-de","status":"publish","type":"product","link":"https:\/\/mobilaiud.ro\/de\/produkt\/set-alpin-de\/","title":{"rendered":"SET ALPIN"},"content":{"rendered":"<div><strong>Produkte<\/strong><\/div>\n<div>\n<div style=\"width: 100%;\">\n<table width=\"533\">\n<tbody>\n<tr>\n<td width=\"112\"><\/td>\n<td width=\"108\">L\u00e4nge<\/td>\n<td width=\"96\">Breite<\/td>\n<td width=\"106\">H\u00f6he<\/td>\n<td width=\"111\">Dicke<\/td>\n<\/tr>\n<tr>\n<td>Bank<\/td>\n<td>1800 mm<\/td>\n<td>1360 mm<\/td>\n<td>470\/855 mm<\/td>\n<td>50 mm<\/td>\n<\/tr>\n<tr>\n<td>Tisch<\/td>\n<td>1800 mm<\/td>\n<td>800 mm<\/td>\n<td>740 mm<\/td>\n<td>50 mm<\/td>\n<\/tr>\n<tr>\n<td>R\u00fcckenlehnen<\/td>\n<td>1800 mm<\/td>\n<td>230 mm<\/td>\n<td><\/td>\n<td>50 mm<\/td>\n<\/tr>\n<\/tbody>\n<\/table>\n<\/div>\n<div style=\"width: 100%; margin-top: 25px;\">\n<div style=\"width: 100%; margin-top: 25px;\">\n<p><strong>Holz:<\/strong><\/p>\n<ul>\n<li>Fichte<br \/>\n<table class=\"dimensiuni\">\n<tbody>\n<tr style=\"border-top: solid 0px lightgrey;\">\n<th scope=\"col\" style=\"width: 25%; text-align: center;\"><\/th>\n<th scope=\"col\" style=\"font-family: Roboto, Helvetica, Arial, sans-serif; font-size: 18px;\"><\/th>\n<th scope=\"col\" style=\"font-family: Roboto, Helvetica, Arial, sans-serif; font-size: 18px;\"><\/th>\n<\/tr>\n<\/tbody>\n<\/table>\n<\/li>\n<\/ul>\n<p><strong>Lackierung:<\/strong><\/p>\n<ul>\n<li>\u00d6ko-Lack auf Wasserbasis<\/li>\n<\/ul>\n<p><strong>Farbe:<\/strong><\/p>\n<ul>\n<li>Honig<\/li>\n<\/ul>\n<p><strong>VERPACKUNG<\/strong><\/p>\n<table width=\"634\">\n<tbody>\n<tr>\n<td width=\"112\"><\/td>\n<td width=\"108\">L\u00e4nge<\/td>\n<td width=\"96\">Breite<\/td>\n<td width=\"106\">H\u00f6he<\/td>\n<td width=\"111\"><\/td>\n<td width=\"101\"><\/td>\n<\/tr>\n<tr>\n<td>Palettengr\u00f6\u00dfe<\/td>\n<td>1800 mm<\/td>\n<td>800 mm<\/td>\n<td>1650 mm<\/td>\n<td><\/td>\n<td><\/td>\n<\/tr>\n<tr>\n<td>Packungsgr\u00f6\u00dfe<\/td>\n<td>1800 mm<\/td>\n<td>800 mm<\/td>\n<td>100 mm<\/td>\n<td><\/td>\n<td><\/td>\n<\/tr>\n<\/tbody>\n<\/table>\n<\/div>\n<table>\n<tbody>\n<tr>\n<td><strong>VERPACKUNG:<\/strong> Pappkarton<\/p>\n<p><strong>Gewicht\/Set (kg)<\/strong>: 102<\/p>\n<p><strong>Gewicht\/Paletten (kg): <\/strong>615<\/p>\n<p><strong>Set\/Palette<\/strong>: 5<\/p>\n<p><strong>Paletten\/LKW<\/strong>: 21<\/p>\n<p><strong>Sets\/LKW<\/strong>: 105<\/td>\n<\/tr>\n<\/tbody>\n<\/table>\n<p>&nbsp;<\/p>\n<\/div>\n<table class=\"dimensiuni\" style=\"width: 100%;\">\n<tbody>\n<tr style=\"border-top: solid 0px lightgrey;\">\n<th scope=\"col\" style=\"width: 25%; text-align: center;\"><\/th>\n<th scope=\"col\"><\/th>\n<\/tr>\n<\/tbody>\n<\/table>\n<\/div>\n","protected":false},"excerpt":{"rendered":"<p>Produkte L\u00e4nge Breite H\u00f6he Dicke Bank 1800 mm 1360 mm 470\/855 mm 50 mm Tisch 1800 mm 800 mm 740 mm 50 mm R\u00fcckenlehnen 1800 mm 230 mm 50 mm Holz: Fichte Lackierung: \u00d6ko-Lack auf Wasserbasis Farbe: Honig VERPACKUNG L\u00e4nge Breite H\u00f6he Palettengr\u00f6\u00dfe 1800 mm 800 mm 1650 mm Packungsgr\u00f6\u00dfe [&hellip;]<\/p>\n","protected":false},"featured_media":3456,"template":"","meta":{"ngg_post_thumbnail":0},"product_cat":[51],"product_tag":[],"aioseo_notices":[],"_links":{"self":[{"href":"https:\/\/mobilaiud.ro\/de\/wp-json\/wp\/v2\/product\/3485"}],"collection":[{"href":"https:\/\/mobilaiud.ro\/de\/wp-json\/wp\/v2\/product"}],"about":[{"href":"https:\/\/mobilaiud.ro\/de\/wp-json\/wp\/v2\/types\/product"}],"wp:featuredmedia":[{"embeddable":true,"href":"https:\/\/mobilaiud.ro\/de\/wp-json\/wp\/v2\/media\/3456"}],"wp:attachment":[{"href":"https:\/\/mobilaiud.ro\/de\/wp-json\/wp\/v2\/media?parent=3485"}],"wp:term":[{"taxonomy":"product_cat","embeddable":true,"href":"https:\/\/mobilaiud.ro\/de\/wp-json\/wp\/v2\/product_cat?post=3485"},{"taxonomy":"product_tag","embeddable":true,"href":"https:\/\/mobilaiud.ro\/de\/wp-json\/wp\/v2\/product_tag?post=3485"}],"curies":[{"name":"wp","href":"https:\/\/api.w.org\/{rel}","templated":true}]}}