{"id":3415,"date":"2023-12-14T11:30:39","date_gmt":"2023-12-14T11:30:39","guid":{"rendered":"https:\/\/mobilaiud.ro\/product\/praktik-gartenhaus\/"},"modified":"2024-01-31T13:53:38","modified_gmt":"2024-01-31T13:53:38","slug":"praktik-gartenhaus-de","status":"publish","type":"product","link":"https:\/\/mobilaiud.ro\/de\/produkt\/praktik-gartenhaus-de\/","title":{"rendered":"PRAKTIK GARTENHAUS"},"content":{"rendered":"<p><strong>Installationsanleitung<\/strong><\/p>\n<p>Ma\u00dfe<\/p>\n<table width=\"319\">\n<tbody>\n<tr>\n<td width=\"127\"><\/td>\n<td width=\"64\">L\u00e4nge<\/td>\n<td width=\"64\">Breite<\/td>\n<td width=\"64\">H\u00f6he<\/td>\n<\/tr>\n<tr>\n<td>Haus<\/td>\n<td>183 cm<\/td>\n<td>183 cm<\/td>\n<td>218 cm<\/td>\n<\/tr>\n<\/tbody>\n<\/table>\n<table width=\"383\">\n<tbody>\n<tr>\n<td width=\"127\">&nbsp;<\/p>\n<p>&nbsp;<\/p>\n<p>&nbsp;<\/td>\n<td width=\"64\">L\u00e4nge<\/td>\n<td width=\"64\">Breite<\/td>\n<td width=\"64\">H\u00f6he<\/td>\n<td width=\"64\">Gewicht<\/td>\n<\/tr>\n<tr>\n<td>Packungsgr\u00f6\u00dfe<\/td>\n<td>183 cm<\/td>\n<td>183 cm<\/td>\n<td>49 cm<\/td>\n<td>158 kg<\/td>\n<\/tr>\n<tr>\n<td>Palettengr\u00f6\u00dfe<\/td>\n<td>183 cm<\/td>\n<td>122 cm<\/td>\n<td>162 cm<\/td>\n<td>490 kg<\/td>\n<\/tr>\n<\/tbody>\n<\/table>\n<p>Holz:<\/p>\n<ul>\n<li>Veredelung mit \u00f6kologischen wasserbasierten Lacken, die die Holzfaser und ihre Sch\u00f6nheit hervorheben.<\/li>\n<\/ul>\n<p><strong>Natur<\/strong><\/p>\n<p>LADEN SIE <a href=\"https:\/\/mobilaiud.ro\/wp-content\/uploads\/2024\/01\/Instructiuni-montaj-casuta-Practic.pdf\" target=\"_blank\" rel=\"noopener\"><strong>HIER<\/strong><\/a> DIE MONTAGEANLEITUNG HERUNTER<\/p>\n","protected":false},"excerpt":{"rendered":"<p>Installationsanleitung Ma\u00dfe L\u00e4nge Breite H\u00f6he Haus 183 cm 183 cm 218 cm &nbsp; &nbsp; &nbsp; L\u00e4nge Breite H\u00f6he Gewicht Packungsgr\u00f6\u00dfe 183 cm 183 cm 49 cm 158 kg Palettengr\u00f6\u00dfe 183 cm 122 cm 162 cm 490 kg Holz: Veredelung mit \u00f6kologischen wasserbasierten Lacken, die die Holzfaser und ihre Sch\u00f6nheit hervorheben. [&hellip;]<\/p>\n","protected":false},"featured_media":3413,"template":"","meta":{"ngg_post_thumbnail":0},"product_cat":[76,51],"product_tag":[],"aioseo_notices":[],"_links":{"self":[{"href":"https:\/\/mobilaiud.ro\/de\/wp-json\/wp\/v2\/product\/3415"}],"collection":[{"href":"https:\/\/mobilaiud.ro\/de\/wp-json\/wp\/v2\/product"}],"about":[{"href":"https:\/\/mobilaiud.ro\/de\/wp-json\/wp\/v2\/types\/product"}],"wp:featuredmedia":[{"embeddable":true,"href":"https:\/\/mobilaiud.ro\/de\/wp-json\/wp\/v2\/media\/3413"}],"wp:attachment":[{"href":"https:\/\/mobilaiud.ro\/de\/wp-json\/wp\/v2\/media?parent=3415"}],"wp:term":[{"taxonomy":"product_cat","embeddable":true,"href":"https:\/\/mobilaiud.ro\/de\/wp-json\/wp\/v2\/product_cat?post=3415"},{"taxonomy":"product_tag","embeddable":true,"href":"https:\/\/mobilaiud.ro\/de\/wp-json\/wp\/v2\/product_tag?post=3415"}],"curies":[{"name":"wp","href":"https:\/\/api.w.org\/{rel}","templated":true}]}}