{"id":3397,"date":"2023-12-14T10:43:59","date_gmt":"2023-12-14T10:43:59","guid":{"rendered":"https:\/\/mobilaiud.ro\/product\/bistro-set-ana\/"},"modified":"2024-02-09T10:29:19","modified_gmt":"2024-02-09T10:29:19","slug":"bistro-set-ana-de","status":"publish","type":"product","link":"https:\/\/mobilaiud.ro\/de\/produkt\/bistro-set-ana-de\/","title":{"rendered":"BISTRO SET ANA"},"content":{"rendered":"<div>Ideal f\u00fcr die Einrichtung von Entspannungsbereichen im Freien.<\/div>\n<div style=\"width: 100%;\"><\/div>\n<div>Tisch und 4 St\u00fchle, klappbar<\/div>\n<div style=\"width: 100%;\">\n<table width=\"533\">\n<tbody>\n<tr>\n<td width=\"112\"><\/td>\n<td width=\"108\">L\u00e4nge<\/td>\n<td width=\"96\">Breite<\/td>\n<td width=\"106\">H\u00f6he<\/td>\n<td width=\"111\">Dicke<\/td>\n<\/tr>\n<tr>\n<td>Chair<\/td>\n<td>44 cm<\/td>\n<td>35 cm<\/td>\n<td>47\/88 cm<\/td>\n<td>20 mm<\/td>\n<\/tr>\n<tr>\n<td>Tisch<\/td>\n<td>80 cm<\/td>\n<td>80 cm<\/td>\n<td>79 mm<\/td>\n<td>20 mm<\/td>\n<\/tr>\n<\/tbody>\n<\/table>\n<\/div>\n<div style=\"width: 100%; margin-top: 25px;\">\n<p><strong>Verpackung:<\/strong> Kartons<\/p>\n<table width=\"634\">\n<tbody>\n<tr>\n<td width=\"112\"><\/td>\n<td width=\"108\">Palettenl\u00e4nge<\/td>\n<td width=\"96\">Palettenbreite<\/td>\n<td width=\"106\">Palettenh\u00f6he<\/td>\n<td width=\"111\">Gewicht \/ Set<\/td>\n<td width=\"101\">Set \/ Palette<\/td>\n<\/tr>\n<tr>\n<td>Stuhl<\/td>\n<td>186 cm<\/td>\n<td>102 cm<\/td>\n<td>160 cm<\/td>\n<td>7 kg<\/td>\n<td>7 buc. \/ Palette<\/td>\n<\/tr>\n<tr>\n<td>Tisch<\/td>\n<td>106 cm<\/td>\n<td>82 cm<\/td>\n<td>160 cm<\/td>\n<td>12.5 kg<\/td>\n<td>12 St.\/Palette<\/td>\n<\/tr>\n<\/tbody>\n<\/table>\n<\/div>\n<p>Holz:<\/p>\n<ul>\n<li>Veredelung mit \u00f6kologischen wasserbasierten Lacken, die die Holzfaser und ihre Sch\u00f6nheit hervorheben.<\/li>\n<\/ul>\n<table class=\"dimensiuni\" style=\"width: 100%;\">\n<tbody>\n<tr style=\"border-top: solid 0px lightgrey;\">\n<th scope=\"col\" style=\"width: 25%; text-align: center;\">Braun<\/th>\n<th scope=\"col\"><\/th>\n<th scope=\"col\"><\/th>\n<th scope=\"col\"><\/th>\n<\/tr>\n<\/tbody>\n<\/table>\n<p>Hardware:<\/p>\n<ul>\n<li>Schmiedeeisen<\/li>\n<\/ul>\n<table class=\"dimensiuni\" style=\"width: 100%;\">\n<tbody>\n<tr style=\"border-top: solid 0px lightgrey;\">\n<th scope=\"col\" style=\"width: 25%; text-align: center;\">Schwarz<\/th>\n<th scope=\"col\"><\/th>\n<\/tr>\n<\/tbody>\n<\/table>\n<p>&nbsp;<\/p>\n","protected":false},"excerpt":{"rendered":"<p>Ideal f\u00fcr die Einrichtung von Entspannungsbereichen im Freien. Tisch und 4 St\u00fchle, klappbar L\u00e4nge Breite H\u00f6he Dicke Chair 44 cm 35 cm 47\/88 cm 20 mm Tisch 80 cm 80 cm 79 mm 20 mm Verpackung: Kartons Palettenl\u00e4nge Palettenbreite Palettenh\u00f6he Gewicht \/ Set Set \/ Palette Stuhl 186 cm 102 [&hellip;]<\/p>\n","protected":false},"featured_media":3400,"template":"","meta":{"ngg_post_thumbnail":0},"product_cat":[76,51],"product_tag":[],"aioseo_notices":[],"_links":{"self":[{"href":"https:\/\/mobilaiud.ro\/de\/wp-json\/wp\/v2\/product\/3397"}],"collection":[{"href":"https:\/\/mobilaiud.ro\/de\/wp-json\/wp\/v2\/product"}],"about":[{"href":"https:\/\/mobilaiud.ro\/de\/wp-json\/wp\/v2\/types\/product"}],"wp:featuredmedia":[{"embeddable":true,"href":"https:\/\/mobilaiud.ro\/de\/wp-json\/wp\/v2\/media\/3400"}],"wp:attachment":[{"href":"https:\/\/mobilaiud.ro\/de\/wp-json\/wp\/v2\/media?parent=3397"}],"wp:term":[{"taxonomy":"product_cat","embeddable":true,"href":"https:\/\/mobilaiud.ro\/de\/wp-json\/wp\/v2\/product_cat?post=3397"},{"taxonomy":"product_tag","embeddable":true,"href":"https:\/\/mobilaiud.ro\/de\/wp-json\/wp\/v2\/product_tag?post=3397"}],"curies":[{"name":"wp","href":"https:\/\/api.w.org\/{rel}","templated":true}]}}