{"id":3181,"date":"2018-10-16T10:39:21","date_gmt":"2018-10-16T10:39:21","guid":{"rendered":"https:\/\/mobilaiud.ro\/product\/lotus-set-runder-tisch\/"},"modified":"2025-04-14T16:19:04","modified_gmt":"2025-04-14T16:19:04","slug":"lotus-set-runder-tisch","status":"publish","type":"product","link":"https:\/\/mobilaiud.ro\/de\/produkt\/lotus-set-runder-tisch\/","title":{"rendered":"LOTUS SET &#8211; RUNDER TISCH"},"content":{"rendered":"<p>Tisch- und drei B\u00e4nke-Set, klappbar.<\/p>\n<div style=\"width: 100%;\"><label>Ma\u00dfe <\/label><\/div>\n<div style=\"width: 100%; margin-top: 25px;\">\n<table style=\"width: 100%;\" class=\"dimensiuni\">\n<tbody>\n<tr style=\"border-top: solid 1px lightgrey;\">\n<td><\/td>\n<th scope=\"col\">L\u00e4nge<\/th>\n<th scope=\"col\">Breite<\/th>\n<th scope=\"col\">H\u00f6he<\/th>\n<th scope=\"col\">Dicke<\/th>\n<\/tr>\n<tr style=\"border-top: solid 1px lightgrey;\">\n<th scope=\"row\" style=\"text-align: left;\">Bank<\/th>\n<td>150 cm<\/td>\n<td>25 cm<\/td>\n<td>48.5 cm<\/td>\n<td>2.6 &#8211; 2.8 cm<\/td>\n<\/tr>\n<tr style=\"border-top: solid 1px lightgrey; border-bottom: solid 1px lightgrey;\">\n<th style=\"padding-bottom: 25px; text-align: left;\" scope=\"row\">Tisch<\/th>\n<td style=\"padding-bottom: 25px;\">D 110 cm<\/td>\n<td style=\"padding-bottom: 25px;\">D 110 cm<\/td>\n<td style=\"padding-bottom: 25px;\">78.5 cm<\/td>\n<td style=\"padding-bottom: 25px;\">2.6 &#8211; 2.8 cm<\/td>\n<\/tr>\n<\/tbody>\n<\/table>\n<\/div>\n<div style=\"width: 100%;\">\n<p><b>Verpackung<\/b> &#8211; kartons<\/p>\n<\/div>\n<div style=\"width: 100%; margin-top: 25px;\">\n<table style=\"width: 100%;\" class=\"dimensiuni\">\n<tbody>\n<tr style=\"border-top: solid 1px lightgrey;\">\n<td><\/td>\n<th scope=\"col\">Palettenl\u00e4nge&nbsp;<\/th>\n<th scope=\"col\">Palettenbreite&nbsp;<\/th>\n<th scope=\"col\">Palettenh\u00f6he&nbsp;<\/th>\n<th scope=\"col\">Gewicht \/ Set (kg)&nbsp;<\/th>\n<th scope=\"col\">Set \/ Palette&nbsp;<\/th>\n<\/tr>\n<tr style=\"border-top: solid 1px lightgrey;\">\n<th scope=\"row\" style=\"text-align: left;\">&nbsp;<\/th>\n<td>150 cm<\/td>\n<td>110 cm<\/td>\n<td>130 cm<\/td>\n<td>52 kg<\/td>\n<td>&nbsp;5 Sets \/ Palette<\/td>\n<\/tr>\n<\/tbody>\n<\/table>\n<\/div>\n<p>Holz:<\/p>\n<ul>\n<li>Veredelung mit UV-Lacken, die die Holzfaser und ihre Sch\u00f6nheit hervorheben.<\/li>\n<\/ul>\n<table style=\"width: 100%;\" class=\"dimensiuni\">\n<tbody>\n<tr style=\"border-top: solid 0px lightgrey;\">\n<th scope=\"col\" style=\"width: 25%; text-align: center;\"><img loading=\"lazy\" width=\"50px\" height=\"50px\" src=\"https:\/\/mobilaiud.ro\/wp-content\/uploads\/2018\/10\/lemn-natur.jpg\"><br \/>\nNatur<\/th>\n<th scope=\"col\" style=\"width: 25%; text-align: center;\"><img loading=\"lazy\" width=\"50px\" height=\"50px\" src=\"https:\/\/mobilaiud.ro\/wp-content\/uploads\/2018\/10\/lemn-maro.jpg\"><br \/>\nBraun<\/th>\n<th scope=\"col\" style=\"width: 25%; text-align: center;\"><\/th>\n<th scope=\"col\" style=\"width: 25%; text-align: center;\"><\/th>\n<\/tr>\n<\/tbody>\n<\/table>\n<p>Hardware:<\/p>\n<ul>\n<li>Veredelung mit UV-Lacken, die die Holzfaser und ihre Sch\u00f6nheit hervorheben.<\/li>\n<\/ul>\n<table style=\"width: 100%;\" class=\"dimensiuni\">\n<tbody>\n<tr style=\"border-top: solid 0px lightgrey;\">\n<th scope=\"col\" style=\"width: 25%; text-align: center;\">Gr\u00fcn<br \/>\n<img loading=\"lazy\" align=\"center\" width=\"50px\" height=\"50px\" src=\"https:\/\/mobilaiud.ro\/wp-content\/uploads\/2018\/10\/metal-verde.jpg\"><br \/>\nRAL 6005<\/th>\n<th scope=\"col\"><\/th>\n<th scope=\"col\"><\/th>\n<th scope=\"col\"><\/th>\n<\/tr>\n<\/tbody>\n<\/table>\n","protected":false},"excerpt":{"rendered":"<p>M\u00f6chten Sie m\u00f6glichst viele Freunde um einen Tisch versammeln? Sie haben gerade das perfekte Set daf\u00fcr gefunden.<\/p>\n","protected":false},"featured_media":2943,"template":"","meta":{"ngg_post_thumbnail":0},"product_cat":[64],"product_tag":[],"aioseo_notices":[],"_links":{"self":[{"href":"https:\/\/mobilaiud.ro\/de\/wp-json\/wp\/v2\/product\/3181"}],"collection":[{"href":"https:\/\/mobilaiud.ro\/de\/wp-json\/wp\/v2\/product"}],"about":[{"href":"https:\/\/mobilaiud.ro\/de\/wp-json\/wp\/v2\/types\/product"}],"wp:featuredmedia":[{"embeddable":true,"href":"https:\/\/mobilaiud.ro\/de\/wp-json\/wp\/v2\/media\/2943"}],"wp:attachment":[{"href":"https:\/\/mobilaiud.ro\/de\/wp-json\/wp\/v2\/media?parent=3181"}],"wp:term":[{"taxonomy":"product_cat","embeddable":true,"href":"https:\/\/mobilaiud.ro\/de\/wp-json\/wp\/v2\/product_cat?post=3181"},{"taxonomy":"product_tag","embeddable":true,"href":"https:\/\/mobilaiud.ro\/de\/wp-json\/wp\/v2\/product_tag?post=3181"}],"curies":[{"name":"wp","href":"https:\/\/api.w.org\/{rel}","templated":true}]}}