{"id":3169,"date":"2018-10-16T10:36:04","date_gmt":"2018-10-16T10:36:04","guid":{"rendered":"https:\/\/mobilaiud.ro\/product\/set-brauerei-50-60-70-x-220cm\/"},"modified":"2025-01-17T13:52:36","modified_gmt":"2025-01-17T13:52:36","slug":"brauerei-set-50-60-70-x-220cm-de","status":"publish","type":"product","link":"https:\/\/mobilaiud.ro\/de\/produkt\/brauerei-set-50-60-70-x-220cm-de\/","title":{"rendered":"SET BRAUEREI 50\/60\/70 X 220cm"},"content":{"rendered":"<div>Tisch- und zwei B\u00e4nke-Set, klappbar, \u00e4u\u00dferst robust.<\/div>\n<div><\/div>\n<div style=\"width: 100%;\"><label>Ma\u00dfe <\/label><\/div>\n<div style=\"width: 100%; margin-top: 25px;\">\n<table style=\"width: 100%;\" class=\"dimensiuni\">\n<tbody>\n<tr style=\"border-top: solid 1px lightgrey;\">\n<td><\/td>\n<th scope=\"col\">L\u00e4nge<\/th>\n<th scope=\"col\">Breite<\/th>\n<th scope=\"col\">H\u00f6he<\/th>\n<th scope=\"col\">Dicke<\/th>\n<\/tr>\n<tr style=\"border-top: solid 1px lightgrey;\">\n<th scope=\"row\" style=\"text-align: left;\">Bank<\/th>\n<td>220\/200\/180 cm<\/td>\n<td>25 cm<\/td>\n<td>47 cm<\/td>\n<td>2.9 &#8211; 3 cm<\/td>\n<\/tr>\n<tr style=\"border-top: solid 1px lightgrey; border-bottom: solid 1px lightgrey;\">\n<th style=\"padding-bottom: 25px; text-align: left;\" scope=\"row\">Tisch<\/th>\n<td style=\"padding-bottom: 25px;\">220\/200\/180 cm<\/td>\n<td style=\"padding-bottom: 25px;\">50\/60\/70 cm<\/td>\n<td style=\"padding-bottom: 25px;\">74 cm<\/td>\n<td style=\"padding-bottom: 25px;\">2.7 &#8211; 2.8 cm<\/td>\n<\/tr>\n<\/tbody>\n<\/table>\n<\/div>\n<div style=\"width: 100%;\">\n<p><b>Verpackung<\/b> &#8211; Kartonhauben, Kartons (auf Kundenwunsch)<\/p>\n<\/div>\n<div style=\"width: 100%; margin-top: 25px;\">\n<table style=\"width: 100%;\" class=\"dimensiuni\">\n<tbody>\n<tr style=\"border-top: solid 1px lightgrey;\">\n<td><\/td>\n<th scope=\"col\">Palettenl\u00e4nge&nbsp;<\/th>\n<th scope=\"col\">Palettenbreite&nbsp;<\/th>\n<th scope=\"col\">Palettenh\u00f6he&nbsp;<\/th>\n<th scope=\"col\">Gewicht \/ Set&nbsp;<\/th>\n<th scope=\"col\">Set \/ Palette&nbsp;<\/th>\n<\/tr>\n<tr style=\"border-top: solid 1px lightgrey;\">\n<th scope=\"row\" style=\"text-align: left;\">&nbsp;<\/th>\n<td>220\/200\/180 cm<\/td>\n<td>120 cm<\/td>\n<td>140 cm<\/td>\n<td>45\/47\/49 kg<\/td>\n<td>&nbsp;16 Sets \/ Palette<\/td>\n<\/tr>\n<\/tbody>\n<\/table>\n<\/div>\n<p>Holz:<\/p>\n<ul>\n<li>Veredelung mit Spezial-Lacken, die die Holzfaser und ihre Sch\u00f6nheit hervorheben.<\/li>\n<\/ul>\n<table style=\"width: 100%;\" class=\"dimensiuni\">\n<tbody>\n<tr style=\"border-top: solid 0px lightgrey;\">\n<th scope=\"col\" style=\"width: 25%; text-align: center;\"><img loading=\"lazy\" width=\"50px\" height=\"50px\" src=\"https:\/\/mobilaiud.ro\/wp-content\/uploads\/2018\/10\/lemn-natur.jpg\"><br \/>\nNatur<\/th>\n<th scope=\"col\" style=\"width: 25%; text-align: center;\"><img loading=\"lazy\" width=\"50px\" height=\"50px\" src=\"https:\/\/mobilaiud.ro\/wp-content\/uploads\/2018\/10\/lemn-maro.jpg\"><br \/>\nBraun<\/th>\n<th scope=\"col\" style=\"width: 25%; text-align: center;\"><img loading=\"lazy\" width=\"50px\" height=\"50px\" src=\"https:\/\/mobilaiud.ro\/wp-content\/uploads\/2018\/10\/lemn-orange.jpg\"><br \/>\nOrange<\/th>\n<th scope=\"col\" style=\"width: 25%; text-align: center;\"><img loading=\"lazy\" width=\"50px\" height=\"50px\" src=\"https:\/\/mobilaiud.ro\/wp-content\/uploads\/2018\/10\/rot-orange.jpg\"><br \/>\nRot orange<\/th>\n<\/tr>\n<\/tbody>\n<\/table>\n<p>Hardware:<\/p>\n<ul>\n<li>Laminiertes eckiges Metallgestell, lackiert in jeder Farbe aus der RAL-Palette<\/li>\n<\/ul>\n<table style=\"width: 100%;\" class=\"dimensiuni\">\n<tbody>\n<tr style=\"border-top: solid 0px lightgrey;\">\n<th scope=\"col\" style=\"width: 25%; text-align: center;\"><img loading=\"lazy\" align=\"center\" width=\"50px\" height=\"50px\" src=\"https:\/\/mobilaiud.ro\/wp-content\/uploads\/2018\/10\/metal-verde.jpg\"><br \/>\nGr\u00fcn<\/th>\n<th scope=\"col\" style=\"width: 25%; text-align: center;\"><img loading=\"lazy\" align=\"center\" width=\"50px\" height=\"50px\" src=\"https:\/\/mobilaiud.ro\/wp-content\/uploads\/2018\/10\/metal-albastru.jpg\"><br \/>\nBlau<\/th>\n<th scope=\"col\"><\/th>\n<th scope=\"col\"><\/th>\n<\/tr>\n<\/tbody>\n<\/table>\n","protected":false},"excerpt":{"rendered":"<p><label>Varianten<\/label>: 50\/60\/70 x 220\/200\/180 cm<\/p>\n<p>Klappbares Set bestehend aus einem Tisch und zwei B\u00e4nken, extrem robuster laminierter Eckbeschlag, bestimmt f\u00fcr Partys im Stil von Oktoberfesten.<\/p>\n","protected":false},"featured_media":2623,"template":"","meta":{"ngg_post_thumbnail":0},"product_cat":[59,66],"product_tag":[],"aioseo_notices":[],"_links":{"self":[{"href":"https:\/\/mobilaiud.ro\/de\/wp-json\/wp\/v2\/product\/3169"}],"collection":[{"href":"https:\/\/mobilaiud.ro\/de\/wp-json\/wp\/v2\/product"}],"about":[{"href":"https:\/\/mobilaiud.ro\/de\/wp-json\/wp\/v2\/types\/product"}],"wp:featuredmedia":[{"embeddable":true,"href":"https:\/\/mobilaiud.ro\/de\/wp-json\/wp\/v2\/media\/2623"}],"wp:attachment":[{"href":"https:\/\/mobilaiud.ro\/de\/wp-json\/wp\/v2\/media?parent=3169"}],"wp:term":[{"taxonomy":"product_cat","embeddable":true,"href":"https:\/\/mobilaiud.ro\/de\/wp-json\/wp\/v2\/product_cat?post=3169"},{"taxonomy":"product_tag","embeddable":true,"href":"https:\/\/mobilaiud.ro\/de\/wp-json\/wp\/v2\/product_tag?post=3169"}],"curies":[{"name":"wp","href":"https:\/\/api.w.org\/{rel}","templated":true}]}}