{"id":3159,"date":"2020-10-20T13:26:48","date_gmt":"2020-10-20T13:26:48","guid":{"rendered":"https:\/\/mobilaiud.ro\/product\/king-set\/"},"modified":"2025-01-17T12:03:27","modified_gmt":"2025-01-17T12:03:27","slug":"king-set-de","status":"publish","type":"product","link":"https:\/\/mobilaiud.ro\/de\/produkt\/king-set-de\/","title":{"rendered":"KING SET"},"content":{"rendered":"<div>Hochwertiges zerlegbares Produkt aus Holz und Aluminium. Die Sitz- und R\u00fcckenformen sind von den L\u00f6wenpositionen inspiriert und f\u00fcr ein besonderes Erlebnis kalibriert. Seien Sie K\u00f6nig in Ihrem eigenen Garten und stellen Sie sicher, dass Sie dieses Produkt haben.<\/div>\n<div>Die Set-Kombination w\u00e4hlen Sie selbst (Tisch, Stuhl, Bank).<\/div>\n<div><\/div>\n<div style=\"width: 100%;\"><label>Ma\u00dfe <\/label><\/div>\n<div style=\"width: 100%; margin-top: 25px;\">\n<table class=\"dimensiuni\" style=\"width: 100%;\">\n<tbody>\n<tr style=\"border-top: solid 1px lightgrey;\">\n<td><\/td>\n<th scope=\"col\">L\u00e4nge<\/th>\n<th scope=\"col\">Breite<\/th>\n<th scope=\"col\">H\u00f6he<\/th>\n<th scope=\"col\">Dicke<\/th>\n<th scope=\"col\">Gewicht<\/th>\n<\/tr>\n<tr style=\"border-top: solid 1px lightgrey; border-bottom: solid 1px lightgrey;\">\n<th style=\"padding-bottom: 25px; text-align: left;\" scope=\"row\">Tisch<\/th>\n<td style=\"padding-bottom: 25px;\">150 cm<\/td>\n<td style=\"padding-bottom: 25px;\">75 cm<\/td>\n<td style=\"padding-bottom: 25px;\">78 cm<\/td>\n<td style=\"padding-bottom: 25px;\">4 cm<\/td>\n<td style=\"padding-bottom: 25px;\">29.5<\/td>\n<\/tr>\n<tr style=\"border-top: solid 1px lightgrey; border-bottom: solid 1px lightgrey;\">\n<th style=\"padding-bottom: 25px; text-align: left;\" scope=\"row\">Bank<\/th>\n<td style=\"padding-bottom: 25px;\">150 cm<\/td>\n<td style=\"padding-bottom: 25px;\">40 cm<\/td>\n<td style=\"padding-bottom: 25px;\">44-76 cm<\/td>\n<td style=\"padding-bottom: 25px;\">4 cm<\/td>\n<td style=\"padding-bottom: 25px;\">19<\/td>\n<\/tr>\n<tr style=\"border-top: solid 1px lightgrey; border-bottom: solid 1px lightgrey;\">\n<th style=\"padding-bottom: 25px; text-align: left;\" scope=\"row\">Chair<\/th>\n<td style=\"padding-bottom: 25px;\">50 cm<\/td>\n<td style=\"padding-bottom: 25px;\">40 cm<\/td>\n<td style=\"padding-bottom: 25px;\">44-76 cm<\/td>\n<td style=\"padding-bottom: 25px;\">4 cm<\/td>\n<td style=\"padding-bottom: 25px;\">10<\/td>\n<\/tr>\n<\/tbody>\n<\/table>\n<p>&nbsp;<\/p>\n<\/div>\n<div style=\"width: 100%;\">\n<p><b>Verpackung<\/b> &#8211; kartons<\/p>\n<\/div>\n<div style=\"width: 100%; margin-top: 25px;\">\n<table class=\"dimensiuni\" style=\"width: 100%;\">\n<tbody>\n<tr style=\"border-top: solid 1px lightgrey;\">\n<td><\/td>\n<th scope=\"col\">Palettenl\u00e4nge<\/th>\n<th scope=\"col\">Palettenbreite<\/th>\n<th scope=\"col\">Palettenh\u00f6he<\/th>\n<th scope=\"col\">Gewicht \/ Palette<\/th>\n<th scope=\"col\">Set \/ Palette<\/th>\n<\/tr>\n<tr style=\"border-top: solid 1px lightgrey;\">\n<th style=\"text-align: left;\" scope=\"row\">Tisch<\/th>\n<td>155 cm<\/td>\n<td>80 cm<\/td>\n<td>101 cm<\/td>\n<td>240 kg<\/td>\n<td>7 \/ Palette<\/td>\n<\/tr>\n<tr style=\"border-top: solid 1px lightgrey;\">\n<th style=\"text-align: left;\" scope=\"row\">Bank<\/th>\n<td>155 cm<\/td>\n<td>126 cm<\/td>\n<td>101 cm<\/td>\n<td>275 kg<\/td>\n<td>14 \/ Palette<\/td>\n<\/tr>\n<tr style=\"border-top: solid 1px lightgrey;\">\n<th style=\"text-align: left;\" scope=\"row\">Chair<\/th>\n<td>120 cm<\/td>\n<td>80 cm<\/td>\n<td>140 cm<\/td>\n<td>150 kg<\/td>\n<td>14 \/ Palette<\/td>\n<\/tr>\n<\/tbody>\n<\/table>\n<\/div>\n<p>&nbsp;<\/p>\n<p>Holz:<\/p>\n<ul>\n<li>Veredelung mit wasserbasierten Lacken, die die Holzfaser und ihre Sch\u00f6nheit hervorheben.<\/li>\n<\/ul>\n<table class=\"dimensiuni\" style=\"width: 100%;\">\n<tbody>\n<tr style=\"border-top: solid 0px lightgrey;\">\n<th scope=\"col\" style=\"width: 25%; text-align: center;\"><img loading=\"lazy\" src=\"https:\/\/mobilaiud.ro\/wp-content\/uploads\/2018\/10\/lemn-maro.jpg\" alt=\"\" width=\"50\" height=\"50\" class=\"alignnone size-full wp-image-2115\" srcset=\"https:\/\/mobilaiud.ro\/wp-content\/uploads\/2018\/10\/lemn-maro.jpg 200w, https:\/\/mobilaiud.ro\/wp-content\/uploads\/2018\/10\/lemn-maro-160x160.jpg 160w, https:\/\/mobilaiud.ro\/wp-content\/uploads\/2018\/10\/lemn-maro-150x150.jpg 150w\" sizes=\"(max-width: 50px) 100vw, 50px\" \/><br \/>\nWalnuss<\/th>\n<th scope=\"col\"><\/th>\n<th scope=\"col\"><\/th>\n<th scope=\"col\"><\/th>\n<\/tr>\n<\/tbody>\n<\/table>\n<p>Hardware:<\/p>\n<ul>\n<li>Aluminium<\/li>\n<\/ul>\n<table class=\"dimensiuni\" style=\"width: 100%;\">\n<tbody>\n<tr style=\"border-top: solid 0px lightgrey;\">\n<th scope=\"col\" style=\"width: 25%; text-align: center;\"><img loading=\"lazy\" src=\"https:\/\/mobilaiud.ro\/wp-content\/uploads\/2020\/05\/negru.jpg\" alt=\"\" width=\"50\" height=\"50\" class=\"alignnone size-full wp-image-3007\"><br \/>\nSchwarz<\/th>\n<th scope=\"col\"><\/th>\n<\/tr>\n<\/tbody>\n<\/table>\n<p>&nbsp;<\/p>\n","protected":false},"excerpt":{"rendered":"<p>Sei ein K\u00f6nig in deinem eigenen Garten!<\/p>\n","protected":false},"featured_media":3041,"template":"","meta":{"ngg_post_thumbnail":0},"product_cat":[51],"product_tag":[],"aioseo_notices":[],"_links":{"self":[{"href":"https:\/\/mobilaiud.ro\/de\/wp-json\/wp\/v2\/product\/3159"}],"collection":[{"href":"https:\/\/mobilaiud.ro\/de\/wp-json\/wp\/v2\/product"}],"about":[{"href":"https:\/\/mobilaiud.ro\/de\/wp-json\/wp\/v2\/types\/product"}],"wp:featuredmedia":[{"embeddable":true,"href":"https:\/\/mobilaiud.ro\/de\/wp-json\/wp\/v2\/media\/3041"}],"wp:attachment":[{"href":"https:\/\/mobilaiud.ro\/de\/wp-json\/wp\/v2\/media?parent=3159"}],"wp:term":[{"taxonomy":"product_cat","embeddable":true,"href":"https:\/\/mobilaiud.ro\/de\/wp-json\/wp\/v2\/product_cat?post=3159"},{"taxonomy":"product_tag","embeddable":true,"href":"https:\/\/mobilaiud.ro\/de\/wp-json\/wp\/v2\/product_tag?post=3159"}],"curies":[{"name":"wp","href":"https:\/\/api.w.org\/{rel}","templated":true}]}}