{"id":3242,"date":"2019-12-02T13:06:28","date_gmt":"2019-12-02T13:06:28","guid":{"rendered":"https:\/\/mobilaiud.ro\/cookie-richtlinie\/"},"modified":"2022-06-07T08:22:35","modified_gmt":"2022-06-07T08:22:35","slug":"cookie-richtlinie","status":"publish","type":"page","link":"https:\/\/mobilaiud.ro\/de\/cookie-richtlinie\/","title":{"rendered":"Cookie-Richtlinie"},"content":{"rendered":"\n<p><strong>Diese Seite verwendet Cookies!<\/strong><\/p>\n\n<p>Die nachstehenden Informationen sollen den Benutzer \u00fcber die Platzierung, Verwendung und Verwaltung von \u201eCookies\u201c informieren, die von der Website www.mobilaiud.ro verwendet werden, die von SC MOBILAIUD SRL verwaltet wird. Diese Richtlinie wird durch die Richtlinie zum Schutz personenbezogener Daten erg\u00e4nzt, die Sie in der Datenschutzrichtlinie der Website finden, zu deren Lekt\u00fcre wir Sie ermutigen, die zus\u00e4tzliche n\u00fctzliche Informationen enth\u00e4lt, einschlie\u00dflich des Datenschutzbeauftragten, alle Zwecke der Datenverarbeitung, Ihre Rechte, deren Ausnahmen und Beschr\u00e4nkungen usw.<\/p>\n\n<p>Bitte lesen Sie die folgenden Informationen sorgf\u00e4ltig durch:<\/p>\n\n<p>Diese Website verwendet eigene Cookies sowie von dritte Parteien hinzugef\u00fcgte Cookies, um den Besuchern ein viel besseres Surferlebnis und Dienste zu bieten, die an die Bed\u00fcrfnisse und Interessen jedes einzelnen angepasst sind.<\/p>\n\n<p>In dem, was wir \u201emodernes Web\u201c oder \u201eWeb 2.0\u201c nennen, spielen Cookies eine wichtige Rolle bei der Erleichterung des Zugriffs auf und der Bereitstellung mehrerer Dienste, die der Benutzer im Internet genie\u00dft.<\/p>\n\n<p>Passen Sie bestimmte Einstellungen an, wie z. B.: die Sprache, in der die Website angezeigt wird, Datum und Uhrzeit, speichern Sie Optionen \/ Einstellungen (einschlie\u00dflich ihrer Speicherung) und behalten Sie \u00e4ltere Einstellungen bei, indem Sie auf verschiedene Schaltfl\u00e4chen \/ Funktionen zugreifen.<\/p>\n\n<p>Cookies liefern Websitebesitzern wertvolles Feedback dar\u00fcber, wie ihre Websites von Benutzern verwendet werden, damit sie sie noch effizienter oder f\u00fcr Benutzer zug\u00e4nglicher machen k\u00f6nnen.<br\/>Zulassen, dass Multimedia- oder andere Anwendungen von anderen Websites auf bestimmten Seiten enthalten sind, um ein wertvolleres, n\u00fctzlicheres und angenehmeres Surferlebnis zu schaffen.<\/p>\n\n<h3>1. WAS IST EIN COOKIE?<\/h3>\n\n<p>Ein \u201eInternet-Cookie\u201c (auch bekannt als \u201eBrowser-Cookie\u201c oder \u201eHTTP-Cookie\u201c oder einfach \u201eCookie\u201c) ist eine kleine Datei, die aus Buchstaben und Zahlen besteht und auf Ihrem Computer, mobilen Endger\u00e4t oder anderen Ger\u00e4ten einen Benutzers gespeichert wird, der auf das Internet zugreift.<\/p>\n\n<p>Das Cookie wird durch eine Anfrage des Webservers, auf dem die Website gehostet wird, an den Browser des Benutzers (z. B. Firefox, Internet Explorer, Chrome usw.) gesendet und ist in dem Sinne, dass dies nicht der Fall ist, vollst\u00e4ndig \u201epassiv\u201c. Software, Viren oder Spyware enthalten und auch nicht auf die Informationen auf der Festplatte des Benutzers zugreifen k\u00f6nnen.<\/p>\n\n<p>Ein Cookie besteht aus 2 Teilen: dem Namen und dem Inhalt oder dem Wert des Cookies, der eindeutig mit der Domain verkn\u00fcpft ist, die von der Website gehostet wird, die es an den Browser des Benutzers gesendet hat. Dar\u00fcber hinaus wird die Dauer der Existenz eines Cookies bestimmt und nur der Webserver, der das Cookie gesendet hat, kann erneut darauf zugreifen, und nur dann, wenn der Benutzer zu der mit diesem Webserver verkn\u00fcpften Website zur\u00fcckkehrt.<\/p>\n\n<p>Cookies erfordern weder pers\u00f6nliche Informationen, um verwendet zu werden, noch k\u00f6nnen sie Internetbenutzer pers\u00f6nlich identifizieren.<\/p>\n\n<h3>2. ARTEN VON COOKIES<\/h3>\n\n<ul><li>Spezifische Cookies f\u00fcr eine Online-Sitzung<\/li><\/ul>\n<p>Webseiten haben kein Ged\u00e4chtnis. Ein Benutzer, der von einer Webseite zu einer anderen navigiert, wird von der Website als neuer Benutzer betrachtet. Sitzungsspezifische Cookies speichern normalerweise eine Kennung, die es dem Benutzer erm\u00f6glicht, von einer Webseite zur anderen zu wechseln, ohne jedes Mal seine Anmeldeinformationen (Benutzername, Passwort usw.) eingeben zu m\u00fcssen. Solche Cookies werden h\u00e4ufig von kommerziellen Websites verwendet, um beispielsweise Produkte zu verfolgen, die ein Benutzer in den Warenkorb gelegt hat. Wenn der Benutzer eine bestimmte Seite in einem Produktkatalog besucht und bestimmte Produkte ausw\u00e4hlt, beh\u00e4lt das Cookie die ausgew\u00e4hlten Produkte und f\u00fcgt sie dem Warenkorb hinzu, der alle ausgew\u00e4hlten Produkte enth\u00e4lt, wenn der Benutzer die Seite verlassen m\u00f6chte.<\/p>\n\n<p>Sitzungsspezifische Cookies werden nur w\u00e4hrend einer Internet-Browsing-Sitzung im Computerspeicher des Benutzers gespeichert und beim Schlie\u00dfen des Browsers automatisch gel\u00f6scht. Sie k\u00f6nnen auch unzug\u00e4nglich werden, wenn die Sitzung f\u00fcr einen bestimmten Zeitraum (normalerweise 20 Minuten) inaktiv war.<\/p>\n\n<ul><li>Permanente, dauerhafte oder gespeicherte Cookies<\/li><\/ul>\n<p>Permanente Cookies werden auf dem Computer des Benutzers gespeichert und nicht gel\u00f6scht, wenn die Browsersitzung geschlossen wird. Diese Cookies k\u00f6nnen sich an die Pr\u00e4ferenzen des Benutzers f\u00fcr eine bestimmte Website erinnern, sodass sie in anderen Webbrowsersitzungen verwendet werden k\u00f6nnen.<\/p>\n\n<p>Zus\u00e4tzlich zu Authentifizierungsinformationen k\u00f6nnen dauerhafte Cookies auch Details \u00fcber die Sprache und das Thema enthalten, die auf einer bestimmten Website ausgew\u00e4hlt wurden, Website-Men\u00fceinstellungen, bevorzugte Seiten innerhalb einer Website und so weiter. Wenn der Benutzer zum ersten Mal auf eine Website zugreift, wird diese standardm\u00e4\u00dfig angezeigt. Anschlie\u00dfend w\u00e4hlt der Benutzer eine Reihe von Einstellungen aus, die dann von Cookies gespeichert und verwendet werden, wenn der Benutzer erneut auf die Website zugreift. Beispielsweise bietet eine Website Inhalte in mehreren Sprachen an. Beim ersten Besuch w\u00e4hlt der Benutzer die englische Sprache aus, und die Website speichert diese Einstellung in einem Cookie. Wenn der Benutzer die Seite erneut besucht, werden die Inhalte automatisch in englischer Sprache angezeigt. Dauerhafte Cookies k\u00f6nnen dazu verwendet werden, einzelne Benutzer zu identifizieren und so das Surfverhalten der Benutzer zu analysieren.<\/p>\n\n<p>Sie k\u00f6nnen Auskunft \u00fcber die Anzahl der Besucher einer Website, die (durchschnittliche) Verweildauer auf einer bestimmten Seite und die Gesamtleistung einer Website geben. Diese Cookies sind so konfiguriert, dass sie die Aktivit\u00e4ten der Benutzer \u00fcber einen langen Zeitraum, in einigen F\u00e4llen sogar Jahre, verfolgen. Diese Cookies sind so konfiguriert, dass sie die Aktivit\u00e4ten der Benutzer \u00fcber einen langen Zeitraum, in einigen F\u00e4llen sogar Jahre, verfolgen.<\/p>\n\n<ul><li>Flash-Cookies<\/li><\/ul>\n<p>Wenn Sie Adobe Flash auf Ihrem Computer installiert haben, k\u00f6nnen kleine Dateien im Speicher dieses Computers von Websites gespeichert werden, die Flash-Elemente (z. B. Videos) enthalten. Diese Dateien sind als \u201eLocal Shared Objects\u201c oder \u201eFlash-Cookies\u201c bekannt und k\u00f6nnen f\u00fcr die gleichen Zwecke wie normale Cookies verwendet werden.<\/p>\n\n<p>Wenn regul\u00e4re Cookies \u00fcber Browserfunktionen gel\u00f6scht werden, sind Flash-Cookies nicht betroffen. So kann eine Website, die Flash-Cookies verwendet, einen Benutzer bei einem erneuten Besuch wiedererkennen, wenn die spezifischen Daten des gel\u00f6schten Cookies auch in einem Flash-Cookie gespeichert wurden.<\/p>\n\n<p>Da Flash-Cookies nicht wie normale Cookies auf dem Computer des Benutzers gespeichert werden, sind sie schwieriger zu identifizieren und zu l\u00f6schen. Banken und Finanzseiten verwenden genau aus diesem Grund solche Cookies. Da sie schwer zu identifizieren sind, werden diese Cookies auf den Computern der Benutzer gespeichert, um Benutzern die Authentifizierung zu erm\u00f6glichen und Betrug zu verhindern, da potenzielle Angreifer m\u00f6glicherweise einen Benutzernamen und ein Kennwort zum Anmelden haben, aber keinen Zugriff auf den Computer des Benutzers haben. Cookies dienen also neben Benutzername und Passwort als zweite Authentifizierungsebene.<\/p>\n\n<ul><li>Erstanbieter-Cookies vs. Drittanbieter-Cookies<\/li><\/ul>\n<p>Jedes Cookie hat einen \u201eEigent\u00fcmer\u201c \u2013 die Website\/Internetdom\u00e4ne, die dieses Cookie platziert.<\/p>\n\n<p>Erstanbieter-Cookies werden von der Internetdom\u00e4ne \/ Website platziert, auf die der Benutzer zugreift (deren Adresse in der Adressleiste des Browsers angezeigt wird). Wenn der Benutzer beispielsweise www.xxx.ro besucht und die Dom\u00e4ne des auf seinem Computer abgelegten Cookies www.xxx.ro ist, handelt es sich um ein Erstanbieter-Cookie.<\/p>\n\n<p>Ein Drittanbieter-Cookie wird von einer anderen Internetdom\u00e4ne \/ Website platziert als der, auf die der Benutzer zugreift; das bedeutet, dass die aufgerufene Website auch Informationen von einer Drittwebsite enth\u00e4lt \u2013 beispielsweise ein Werbebanner, das auf der besuchten Website erscheint. Wenn also der Benutzer www.xxx.ro besucht, das auf seinem Computer platzierte Cookie jedoch die Domain www.yyy.ro hat, handelt es sich um ein Drittanbieter-Cookie.<\/p>\n\n<p>Die Artikel-29-Datenschutzgruppe (bestehend aus den nationalen Datenschutzbeh\u00f6rden der Mitgliedstaaten der Europ\u00e4ischen Union) ist der Ansicht, dass sich der Begriff \u201eThird-Party-Cookie\u201c aus rechtlicher Sicht und im Hinblick auf die europ\u00e4ische Gesetzgebung auf ein Cookie bezieht von einem anderen Betreiber als dem Betreiber der vom Nutzer besuchten Website platziert. Cookies von Drittanbietern sind f\u00fcr den Benutzer, der auf eine Website zugreift, nicht unbedingt erforderlich, da sie normalerweise mit einem anderen Dienst verbunden sind als dem, der ausdr\u00fccklich vom Benutzer (durch den Zugriff auf die Website) \u201eangefordert\u201c wurde.<\/p>\n\n<h3>3. COOKIE-DATEIEN, DIE WIR VERWENDEN<\/h3>\n\n<p>Erforderliche Cookies: Die erforderlichen Cookies helfen bei der Nutzung einer Website, indem sie grundlegende Funktionen wie Seitennavigation und Zugriff auf sichere Bereiche der Website aktivieren. Ohne diese Cookies kann die Website nicht richtig funktionieren.<\/p>\n\n<p>Marketing-Cookies: Marketing-Cookies werden verwendet, um Besucher von Websites zu verfolgen. Die Absicht besteht darin, jedem Benutzer relevante und interessante Anzeigen zu zeigen und daher f\u00fcr Herausgeber und Werbetreibende von Drittanbietern wertvoller zu sein.<\/p>\n\n<p>Nicht klassifizierte Cookies: Nicht klassifizierte Cookies sind Cookies, die wir zusammen mit den einzelnen Cookie-Anbietern gerade klassifizieren.<\/p>\n\n<h3>4. VORTEILE VON COOKIE-DATEIEN<\/h3>\n\n<p>Ein Cookie enth\u00e4lt Informationen, die einen Browser (Benutzer) mit einem bestimmten Webserver (Site) verbinden. Greift ein Browser erneut auf diesen Webserver zu, kann er die bereits gespeicherten Informationen auslesen und entsprechend reagieren.<\/p>\n\n<p>Cookies bieten Benutzern ein angenehmes Surferlebnis und unterst\u00fctzen die Bem\u00fchungen von Websites, den Benutzern komfortable Dienste bereitzustellen. Beispiele \u2013 Online-Datenschutzeinstellungen, Website-Sprachoptionen oder relevante Werbung usw.<\/p>\n\n<h3>5. LEBEN EINES PL\u00c4TZCHENS<\/h3>\n\n<p>Cookies werden von Webservern verwaltet. Die Lebensdauer eines Cookies kann je nach Zweck, f\u00fcr den es platziert wird, erheblich variieren. Einige Cookies werden ausschlie\u00dflich f\u00fcr eine einzelne Sitzung verwendet (\u201eSitzungscookies\u201c) und werden nicht beibehalten, nachdem der Benutzer die Website verl\u00e4sst, und einige Cookies werden gespeichert und jedes Mal wiederverwendet, wenn der Benutzer zu dieser Website zur\u00fcckkehrt (\u201eCookie\u201c).<br\/>Cookies k\u00f6nnen vom Benutzer jedoch jederzeit \u00fcber die Browsereinstellungen gel\u00f6scht werden.<\/p>\n\n<h3>6. ART DER INFORMATIONEN, DIE DURCH COOKIES GESPEICHERT UND ZUGANGEN WERDEN<\/h3>\n\n<p>Cookies speichern Informationen in einer kleinen Textdatei, die es einer Website erm\u00f6glichen, einen Browser wiederzuerkennen. Der Webserver erkennt den Browser, bis das Cookie abl\u00e4uft oder gel\u00f6scht wird. Das Cookie speichert wichtige Informationen, die Ihr Surferlebnis verbessern. Bsp.: Einstellungen in Bezug auf die Sprache, in der Sie auf eine Website zugreifen m\u00f6chten, die Anmeldung eines Benutzers im Mitgliedskonto oder E-Mail-Konto, Online-Sicherheit, Beibehaltung und Speicherung einiger Einstellungen usw.<\/p>\n\n<h3>7. DIE BEDEUTUNG VON INTERNET-COOKIES<\/h3>\n\n<p>Cookies sind der zentrale Punkt f\u00fcr den effizienten Betrieb des Internets und tragen dazu bei, ein benutzerfreundliches Surferlebnis zu generieren, das an die Vorlieben und Interessen jedes Benutzers angepasst ist. Das Ablehnen oder Deaktivieren von Cookies kann dazu f\u00fchren, dass einige Websites nicht mehr verwendet werden k\u00f6nnen.<\/p>\n\n<p>Das Ablehnen oder Deaktivieren von Cookies bedeutet nicht, dass Sie keine Online-Werbung mehr erhalten, sondern dass Ihre durch Ihr Surfverhalten hervorgehobenen Pr\u00e4ferenzen und Interessen nicht mehr ber\u00fccksichtigt werden k\u00f6nnen.<\/p>\n\n<p>Beispiele f\u00fcr wichtige Verwendungen von Cookies (bei denen sich ein Benutzer nicht \u00fcber ein Konto authentifizieren muss):<\/p>\n\n<p>Inhalte und Dienste, die auf die Vorlieben des Benutzers zugeschnitten sind &#8211; Kategorien von Nachrichten, Wetter, Sport, Karten, \u00f6ffentlichen und staatlichen Diensten, Unterhaltungsseiten und Reisediensten.<\/p>\n\n<p>Angebote, die auf die Interessen der Benutzer zugeschnitten sind \u2013 Passwortspeicherung, Spracheinstellungen (z. B. Anzeige von Suchergebnissen auf Rum\u00e4nisch).<\/p>\n\n<p>Beibehaltung von Kinderschutzfiltern f\u00fcr Internetinhalte (Familienmodusoptionen, sichere Suchfunktionen).<\/p>\n\n<p>H\u00e4ufigkeit der Anzeigenbereitstellung begrenzen \u2013 Begrenzen Sie die Anzahl der Impressionen einer Anzeige f\u00fcr einen bestimmten Benutzer auf einer Website.<\/p>\n\n<p>Bereitstellung von nutzerrelevanter Werbung.<\/p>\n\n<p>Mess-, Optimierungs- und Analysefunktionen \u2013 z. B. Best\u00e4tigung eines bestimmten Verkehrsaufkommens auf einer Website, welche Art von Inhalt am h\u00e4ufigsten angesehen wird und wie ein Benutzer auf die Website gelangt (z. B. \u00fcber Suchmaschinen, direkt von anderen Websites usw.). Websites f\u00fchren diese Analysen ihrer Nutzung zur Verbesserung zugunsten des Benutzers durch.<\/p>\n\n<h4>8. SICHERHEITS- UND VERTRAULICHKEITSFRAGEN<\/h4>\n\n<p>Cookies sind KEINE Viren! Sie verwenden ein reines Textformat. Sie bestehen nicht aus Codeteilen und k\u00f6nnen daher nicht ausgef\u00fchrt oder selbst ausgef\u00fchrt werden. Daher k\u00f6nnen sie nicht dupliziert oder in anderen Netzwerken repliziert werden, um sie auszuf\u00fchren oder zu replizieren. Da sie diese Funktionen nicht ausf\u00fchren k\u00f6nnen, k\u00f6nnen sie nicht als Viren betrachtet werden.<\/p>\n\n<p>Cookies k\u00f6nnen jedoch f\u00fcr negative Zwecke verwendet werden. Da Cookies sowohl auf einer bestimmten Website als auch auf mehreren Websites Informationen \u00fcber die Pr\u00e4ferenzen und den Browserverlauf der Benutzer speichern, k\u00f6nnen Cookies als eine Form von Spyware verwendet werden. Viele Anti-Spyware-Produkte sind sich dessen bewusst und markieren Cookies w\u00e4hrend der Antiviren-\/Anti-Spyware-L\u00f6sch-\/Scan-Prozeduren st\u00e4ndig zum L\u00f6schen.<\/p>\n\n<p>Im Allgemeinen haben Browser integrierte Datenschutzeinstellungen, die unterschiedliche Akzeptanzstufen von Cookies, G\u00fcltigkeitsdauer und automatisches L\u00f6schen nach dem Besuch einer bestimmten Website durch den Benutzer vorsehen.<\/p>\n\n<h3>9. ANDERE SICHERHEITSASPEKTE IM ZUSAMMENHANG MIT COOKIES<\/h3>\n\n<p>Da der Schutz der Identit\u00e4t sehr wichtig ist und das Recht jedes Internetnutzers darstellt, ist es ratsam, die m\u00f6glichen Probleme zu kennen, die im Zusammenhang mit Cookies auftreten k\u00f6nnen. Da zwischen dem Browser und der Website st\u00e4ndig Informationen in beide Richtungen \u00fcbertragen werden, k\u00f6nnen die im Cookie enthaltenen Informationen abgefangen werden, wenn ein Angreifer oder Unbefugter in die Daten\u00fcbertragung eingreift. Obwohl dies sehr selten vorkommt, kann dies passieren, wenn der Browser \u00fcber ein unverschl\u00fcsseltes Netzwerk (z. B. ein ungesichertes Wi-Fi-Netzwerk) eine Verbindung zum Server herstellt. Andere Cookie-basierte Angriffe beinhalten falsche Cookie-Einstellungen auf Servern.<\/p>\n\n<p>Wenn eine Website nicht erfordert, dass der Browser verschl\u00fcsselte Kan\u00e4le verwendet, k\u00f6nnen Angreifer diese Schwachstelle nutzen, um Browser dazu zu bringen, Informationen \u00fcber ungesicherte Kan\u00e4le zu senden. Angreifer verwenden dann die Informationen, um sich unbefugten Zugriff auf bestimmte Websites zu verschaffen. Es ist sehr wichtig, dass Sie die am besten geeignete Methode zum Schutz Ihrer pers\u00f6nlichen Daten w\u00e4hlen.<\/p>\n\n<h3>10. TIPPS F\u00dcR EINE SICHERE UND VERANTWORTUNGSVOLLE NAVIGATION<\/h3>\n\n<p>Aufgrund ihrer Flexibilit\u00e4t und der Tatsache, dass die meisten der meistbesuchten und gr\u00f6\u00dften Websites Cookies verwenden, sind sie fast unvermeidlich. Durch das Deaktivieren von Cookies kann der Benutzer nicht auf die g\u00e4ngigsten und am h\u00e4ufigsten verwendeten Websites zugreifen, darunter: YouTube, Gmail, Yahoo, Google und viele mehr.<\/p>\n\n<h3>11. EINIGE TIPPS, DIE IHNEN SICHERSTELLEN K\u00d6NNEN, OHNE SORGE ZU NAVIGIEREN<\/h3>\n\n<p>Passen Sie Ihre Browsereinstellungen f\u00fcr Cookies an, um ein komfortables Sicherheitsniveau herzustellen. Wenn Cookies Sie nicht st\u00f6ren und Sie die einzige Person sind, die den Computer verwendet, k\u00f6nnen Sie lange Ablaufdaten f\u00fcr die Speicherung Ihres Browserverlaufs und Ihrer pers\u00f6nlichen Zugangsdaten festlegen.<\/p>\n\n<p>Wenn Sie den Zugriff auf Ihren Computer teilen, sollten Sie erw\u00e4gen, Ihren Browser so einzustellen, dass Ihre individuellen Browserdaten jedes Mal gel\u00f6scht werden, wenn Sie Ihren Browser schlie\u00dfen.<\/p>\n\n<p>Installieren und aktualisieren Sie Ihre Antispyware-Anwendungen st\u00e4ndig. Viele der Anwendungen zum Erkennen und Verhindern von Spyware umfassen das Erkennen von Angriffen auf Websites. Dadurch wird verhindert, dass der Browser auf Websites zugreift, die Schwachstellen des Browsers ausnutzen oder b\u00f6sartige Software herunterladen k\u00f6nnten.<br\/>Stellen Sie sicher, dass Ihr Browser immer auf dem neuesten Stand ist. Die meisten Cookie-basierten Angriffe werden durch die Schw\u00e4chen \u00e4lterer Browserversionen ausgenutzt.<\/p>\n\n<p>Cookies sind \u00fcberall und k\u00f6nnen nicht vermieden werden, wenn Sie Zugang zu den besten und gr\u00f6\u00dften Websites im Internet haben m\u00f6chten, lokal oder international. Mit einem klaren Verst\u00e4ndnis ihrer Funktionsweise und ihrer Vorteile k\u00f6nnen Sie die erforderlichen Sicherheitsma\u00dfnahmen ergreifen, damit Sie unbesorgt im Internet surfen k\u00f6nnen.<\/p>\n\n<h3>12. VERWALTUNG, DEAKTIVIERUNG UND L\u00d6SCHEN VON COOKIES<\/h3>\n\n<p>Das Deaktivieren und Verweigern des Empfangs von Cookies kann dazu f\u00fchren, dass bestimmte Websites unpraktisch oder schwer zu besuchen und zu verwenden sind. Die Ablehnung von Cookies bedeutet auch nicht, dass Sie keine Online-Werbung mehr erhalten oder sehen.<\/p>\n\n<p>Es ist m\u00f6glich, den Browser so einzustellen, dass diese Cookies nicht mehr akzeptiert werden, oder Sie k\u00f6nnen den Browser so einstellen, dass Cookies nur von einer bestimmten Website akzeptiert werden. Aber wenn Sie beispielsweise nicht mit Cookies registriert sind, k\u00f6nnen Sie keine Kommentare hinterlassen.<\/p>\n\n<p>Alle modernen Browser bieten die M\u00f6glichkeit, die Cookie-Einstellungen zu \u00e4ndern. Diese Einstellungen finden Sie normalerweise im Men\u00fc \u201eOptionen\u201c oder \u201eEinstellungen\u201c Ihres Browsers.<\/p>\n\n<p>Ausf\u00fchrliche Informationen zum Verwalten, Deaktivieren und L\u00f6schen von Cookies mithilfe der Einstellungen des Browsers, der zum Surfen im Internet verwendet wird, sind unter den folgenden Adressen verf\u00fcgbar:<\/p>\n\n<ul><li>f\u00fcr OPERA : <a href=\"https:\/\/help.opera.com\/en\/latest\/web-preferences\/#cookies\">https:\/\/help.opera.com\/en\/latest\/web-preferences\/#cookies<\/a><\/li><li>f\u00fcr Google Chrome: <a href=\"https:\/\/support.google.com\/chrome\/answer\/95647?hl=ro\">https:\/\/support.google.com\/chrome\/answer\/95647?hl=ro<\/a><\/li><li>Mozilla Firefox: <a href=\"https:\/\/support.mozilla.org\/ro\/kb\/cookie-urile\">https:\/\/support.mozilla.org\/ro\/kb\/cookie-urile<\/a><\/li><li>f\u00fcr Internet Explorer 8: <a href=\"https:\/\/support.microsoft.com\/ro-ro\/help\/17442\/windows-internet-explorer-delete-manage-cookies#ie=ie-8\">https:\/\/support.microsoft.com\/ro-ro\/help\/17442\/windows-internet-explorer-delete-manage-cookies#ie=ie-8<\/a><\/li><li>f\u00fcr Internet Explorer 9: <a href=\"https:\/\/support.microsoft.com\/ro-ro\/help\/17442\/windows-internet-explorer-delete-manage-cookies#ie=ie-9\">https:\/\/support.microsoft.com\/ro-ro\/help\/17442\/windows-internet-explorer-delete-manage-cookies#ie=ie-9<\/a><\/li><li>f\u00fcr Internet Explorer 10: <a href=\"https:\/\/support.microsoft.com\/ro-ro\/help\/17442\/windows-internet-explorer-delete-manage-cookies#ie=ie-10\">https:\/\/support.microsoft.com\/ro-ro\/help\/17442\/windows-internet-explorer-delete-manage-cookies#ie=ie-10<\/a><\/li><\/ul>","protected":false},"excerpt":{"rendered":"<p>Diese Seite verwendet Cookies! Die nachstehenden Informationen sollen den Benutzer \u00fcber die Platzierung, Verwendung und Verwaltung von \u201eCookies\u201c informieren, die von der Website www.mobilaiud.ro verwendet werden, die von SC MOBILAIUD SRL verwaltet wird. Diese Richtlinie wird durch die Richtlinie zum Schutz personenbezogener Daten erg\u00e4nzt, die Sie in der Datenschutzrichtlinie der [&hellip;]<\/p>\n","protected":false},"author":6,"featured_media":0,"parent":0,"menu_order":0,"comment_status":"closed","ping_status":"closed","template":"","meta":{"ngg_post_thumbnail":0},"aioseo_notices":[],"_links":{"self":[{"href":"https:\/\/mobilaiud.ro\/de\/wp-json\/wp\/v2\/pages\/3242"}],"collection":[{"href":"https:\/\/mobilaiud.ro\/de\/wp-json\/wp\/v2\/pages"}],"about":[{"href":"https:\/\/mobilaiud.ro\/de\/wp-json\/wp\/v2\/types\/page"}],"author":[{"embeddable":true,"href":"https:\/\/mobilaiud.ro\/de\/wp-json\/wp\/v2\/users\/6"}],"replies":[{"embeddable":true,"href":"https:\/\/mobilaiud.ro\/de\/wp-json\/wp\/v2\/comments?post=3242"}],"version-history":[{"count":3,"href":"https:\/\/mobilaiud.ro\/de\/wp-json\/wp\/v2\/pages\/3242\/revisions"}],"predecessor-version":[{"id":3245,"href":"https:\/\/mobilaiud.ro\/de\/wp-json\/wp\/v2\/pages\/3242\/revisions\/3245"}],"wp:attachment":[{"href":"https:\/\/mobilaiud.ro\/de\/wp-json\/wp\/v2\/media?parent=3242"}],"curies":[{"name":"wp","href":"https:\/\/api.w.org\/{rel}","templated":true}]}}