{"id":3237,"date":"2018-08-28T10:36:08","date_gmt":"2018-08-28T10:36:08","guid":{"rendered":"https:\/\/mobilaiud.ro\/datenschutz-bestimmungen\/"},"modified":"2018-08-28T10:36:08","modified_gmt":"2018-08-28T10:36:08","slug":"datenschutz-bestimmungen","status":"publish","type":"page","link":"https:\/\/mobilaiud.ro\/de\/datenschutz-bestimmungen\/","title":{"rendered":"Datenschutz-Bestimmungen"},"content":{"rendered":"<header class=\"entry-header\">\n<h1 class=\"entry-title\"><span style=\"font-size: 18px;\">www.mobilaiud.ro (MOBILAIUD, wir, der Verk\u00e4ufer) ist eine Website, die von SC MOBILAIUD SRL verwaltet wird.<\/span><\/h1>\n<\/header>\n<div class=\"entry-content\">\n<h1>1. Allgemeines<\/h1>\n<p>Allgemeine Datenschutzverordnung Nr. 679\/2016 (im Folgenden DSGVO genannt) zum Schutz nat\u00fcrlicher Personen bei der Verarbeitung personenbezogener Daten und zum freien Datenverkehr gilt ab dem 25.05.2018 in allen L\u00e4ndern der Europ\u00e4ischen Union. Diese Verordnung hat erhebliche Auswirkungen auf alle T\u00e4tigkeitsbereiche, weshalb mobilaiud.ro (SC MOBILAIUD SRL) die aktuellen Programme gem\u00e4\u00df dieser Verordnung \u00fcberarbeitet hat, um m\u00f6gliche Hindernisse zu identifizieren und die \u00c4nderungen umzusetzen, die sich daraus ergebene Aktivit\u00e4t.<\/p>\n<p>Das Konzept des Schutzes personenbezogener Daten stellt das Recht der nat\u00fcrlichen Person auf Schutz der Merkmale dar, die zu ihrer Identifizierung f\u00fchren, und die entsprechende Verpflichtung des Betreibers von mobilaiud.ro, angemessene Ma\u00dfnahmen zu ergreifen, um einen wirksamen Schutz zu gew\u00e4hrleisten. Personenbezogene Daten sind Informationen, die direkt oder indirekt mit einer identifizierten oder identifizierbaren nat\u00fcrlichen Person in Verbindung gebracht werden k\u00f6nnen, wie zum Beispiel Vorname, Nachname, pers\u00f6nliche Nummer, Adresse, Telefon, Bild, Stimme, wirtschaftliche und finanzielle Situation, Bankkontonummer , Beruf.<\/p>\n<p>Angesichts&nbsp;der&nbsp;Notwendigkeit, das Grundrecht auf Privatsph\u00e4re und Privatleben zu sch\u00fctzen und zu respektieren, ist der Schutz personenbezogener Daten ein besonders wichtiger Bereich, was durch die Behandlung dieses Themas in separaten Kapiteln best\u00e4tigt wird, die im \u00dcbereinkommen zur Durchf\u00fchrung des \u00dcbereinkommens von Schengen vorgesehen sind.<\/p>\n<p>Im Laufe der Zeit hat MOBILAIUD verschiedene E-Mails versandt, um Sie \u00fcber die neuesten Angebote und n\u00fctzliche Informationen zu den Produkten in unserem Angebot auf dem Laufenden zu halten. Wir m\u00f6chten, dass Sie so gut wie m\u00f6glich informiert bleiben, ohne mit unn\u00f6tigen Informationen \u00fcberh\u00e4uft zu werden.<\/p>\n<p>Um Sie zu den unten genannten Zwecken weiter informieren zu k\u00f6nnen, ist gem\u00e4\u00df den Anforderungen der DSGVO Ihre Einwilligung erforderlich, die durch eine eindeutige Handlung, die eine freie, spezifische und informierte Einwilligung darstellt, erteilt werden muss und unmissverst\u00e4ndlich in Bezug auf die Verarbeitung Ihrer personenbezogenen Daten. die durch eine eindeutige Handlung, die eine freie, spezifische und informierte Einwilligung darstellt, erteilt werden muss und unmissverst\u00e4ndlich in Bezug auf die Verarbeitung Ihrer personenbezogenen Daten.<\/p>\n<h1>2. Die Rechte der betroffenen Person \/ des K\u00e4ufers gem\u00e4\u00df DSGVO Nr. 679\/2016:<\/h1>\n<p>Mit der Anfrage\/Zustimmung werden Sie \u00fcber die von der DSGVO gew\u00e4hrten Rechte in Bezug auf personenbezogene Daten sowie die von Ihnen ausgedr\u00fcckte Zustimmung zur Erhebung personenbezogener Daten und der Verarbeitung dieser Daten durch MOBILAIUD informiert, n\u00e4mlich:<\/p>\n<ul>\n<li>Das Recht, es jederzeit zu widerrufen \u2013&nbsp;ein Widerruf, der so zug\u00e4nglich ist wie eine Einwilligung.<\/li>\n<li>Auskunftsrecht \u2013&nbsp;Der Betreiber ist verpflichtet, die betroffene Person auf ihre schriftliche Anfrage (maximal eine Anfrage pro Jahr) \u00fcber die Verarbeitung ihrer personenbezogenen Daten zu informieren, die an den Betreiber unter<span>&nbsp;<\/span>gesendet wird.<\/li>\n<li>Auskunftsrecht&nbsp;Jede betroffene Person hat das Recht\u2013&nbsp;vom Verantwortlichen auf Anfrage eine Best\u00e4tigung dar\u00fcber zu erhalten, ob ihre personenbezogenen Daten von ihr verarbeitet werden oder nicht.<\/li>\n<li>Recht auf Dateneingriff \u2013&nbsp;jede betroffene Person hat das Recht, von dem Verantwortlichen unentgeltlich die Berichtigung,&nbsp;Aktualisierung, Sperrung oder L\u00f6schung von Daten zu verlangen, deren Verarbeitung nicht dem Gesetz entspricht, &nbsp;insbesondere unvollst\u00e4ndige oder unrichtige Daten, auf schriftliche Anfrage an den Betreiber unter <span>&nbsp;<\/span>office@tmobilaiud.ro.<\/li>\n<li>Widerspruchsrecht&nbsp;Die betroffene \u2013&nbsp;Person hat das Recht, jederzeit durch eine schriftliche &nbsp;Anfrage mit Datum und Unterschrift aus legitimen Gr\u00fcnden &nbsp;im Zusammenhang&nbsp;fmit ihrer besonderen Situation&nbsp;der sie betreffenden Daten durch eine schriftliche Anfrage an <span>&nbsp;<\/span>zu widersprechen.<\/li>\n<li>Das Recht, die gesammelten personenbezogenen Daten in anonyme Daten umzuwandeln, durch eine schriftliche Anfrage an den Betreiber von MOBILAIUD unter <span>&nbsp;<\/span>office@mobilaiud.ro.<\/li>\n<li>Recht&nbsp;auf Vergessenwerden &nbsp;\u2013&nbsp;Einzelpersonen k\u00f6nnen die L\u00f6schung personenbezogener &nbsp;Daten verlangen&nbsp;wenn diese ohne ihre Zustimmung rechtswidrig verarbeitet wurden oder wenn die Daten f\u00fcr den Zweck,&nbsp;f\u00fcr den &nbsp;consim\u021b\u0103m\u00e2ntul&nbsp;sie urspr\u00fcnglich verarbeitet wurden&nbsp;nicht mehr erforderlich sind.<\/li>\n<li>Recht auf Daten\u00fcbertragbarkeit \u2013 Einzelpersonen haben das Recht zu verlangen, dass ihre personenbezogenen Daten an einen anderen Betreiber \u00fcbertragen werden, in diesem Fall kann MOBILAIUD die personenbezogenen Daten der betroffenen Person an andere Unternehmen weitergeben, mit denen es eine Partnerschaft eingeht, jedoch nur unter Einhaltung einer Vertraulichkeits Verpflichtung ihrerseits, daf\u00fcr zu sorgen, dass diese Daten f\u00fcr die oben genannten Zwecke sicher aufbewahrt werden, und vorbehaltlich der Zustimmung der betroffenen Person zu einer solchen \u00dcbertragbarkeit.<\/li>\n<li>Das Recht &nbsp;nicht individueller Entscheidung unterworfen zu werden&nbsp;auf der &nbsp;Grundlage einer automatisierten Verarbeitung getroffenen, auf Widerruf oder Aufhebung einer ihm gegen\u00fcber rechtswirksamen &nbsp;Entscheidung, die ausschlie\u00dflich auf der Grundlage einer automatisierten Verarbeitung personenbezogener Daten getroffen wurde.<\/li>\n<li>Das Recht, vor Gericht zu gehen \u2013&nbsp;jede Person, die durch die rechtswidrige&nbsp;Verarbeitung personenbezogener Daten einen Schaden erlitten hat, kann sich an das f\u00fcr die Wiederherstellung zust\u00e4ndige Gericht wenden. Wenn&nbsp;die Personen&nbsp;deren personenbezogene Daten verarbeitet werden, der Ansicht sind, dass die durch die DSGVO gew\u00e4hrten Rechte verletzt wurden&nbsp;k\u00f6nnen sie sich schriftlich an die Aufsichtsbeh\u00f6rde wenden&nbsp;sofern zuvor keine Klage mit demselben Gegenstand &nbsp;erhoben&nbsp;wurde&nbsp;jedoch nur, &nbsp;nachdem sie dies zuvor getan hatten den angeforderten &nbsp;Betreiber angesprochen. Der verklagte Betreiber&nbsp;ist verpflichtet,&nbsp;der&nbsp;betroffenen Partei innerhalb von 15 Tagen&nbsp;nach Erhalt der Benachrichtigung schriftlich zu antworten.&nbsp;Die Beschwerde&nbsp;bei der Aufsichtsbeh\u00f6rde&nbsp;darf fr\u00fchestens 15 Tage nach&nbsp;Einreichung&nbsp;einer&nbsp;inhaltsgleichen&nbsp;Beschwerde&nbsp;beim Betreiber eingereicht werden.&nbsp;Wird&nbsp;die&nbsp;Beschwerde&nbsp;als&nbsp;begr\u00fcndet&nbsp;befunden,&nbsp;teilt&nbsp;die Aufsichtsbeh\u00f6rde den Betroffenen innerhalb von 30 Tagen nach Erhalt die getroffene Entscheidung unter Angabe der Gr\u00fcnde mit. Die Aufsichtsbeh\u00f6rde kann sich an die Justiz wenden, um den Schutz der gesetzlich garantierten Rechte der betroffenen Personen zu gew\u00e4hrleisten.<\/li>\n<\/ul>\n<h1>3. Der Zweck der Erhebung und Verarbeitung personenbezogener Daten ist:<\/h1>\n<p>Kunden\/potenzielle&nbsp;Kunden \u00fcber &nbsp;den&nbsp;Status ihres &nbsp;Kontos&nbsp;informieren, einschlie\u00dflich Validierung,&nbsp;Versand und&nbsp;Rechnungsstellung&nbsp;bestellter&nbsp;Produkte, L\u00f6sung von Problemen, die bei der Erteilung einer Bestellung gekaufter Waren &nbsp;oder Dienstleistungen auftreten;<br \/>\n\u00dcbermittlung von&nbsp;Newsletter&nbsp;und\/oder regelm\u00e4\u00dfigen Benachrichtigungen per E-Mail (E-Mail, SMS), kommerzielle Angebote;<br \/>\nF\u00fcr&nbsp;Marktforschungs-,&nbsp;Verkaufsverfolgungs-&nbsp;und &nbsp;\u00dcberwachungsaktivit\u00e4ten&nbsp;sowie&nbsp;Kunden-\/K\u00e4uferverhalten;<\/p>\n<h1>4. Pflichten des Betreibers von MOBILAIUD (SC MOBILAIUD SRL)<\/h1>\n<p>Gem\u00e4\u00df den Anforderungen der DSGVO Nr. 679\/2016 ist MOBILAIUD verpflichtet, die von Ihnen bereitgestellten personenbezogenen Daten unter sicheren Bedingungen und nur f\u00fcr die angegebenen Zwecke zu verwalten. Gleichzeitig ist der MOBILAIUD-Betreiber verpflichtet, die betroffene Person, deren Daten offengelegt wurden, zu benachrichtigen, wenn sich diese Benachrichtigung nicht als unm\u00f6glich erweist oder keinen unverh\u00e4ltnism\u00e4\u00dfigen Aufwand im Vergleich zu der legitimen Intensit\u00e4t darstellt, die gesch\u00e4digt werden k\u00f6nnte.<\/p>\n<h1>5. Die Einwilligung der betroffenen Person\/K\u00e4ufer<\/h1>\n<p>Durch das Ausf\u00fcllen der Daten im Kontoerstellungs- und\/oder Bestellformular erkl\u00e4rt und akzeptiert der K\u00e4ufer vorbehaltlos, dass seine pers\u00f6nlichen Daten in die MOBILAIUD-Datenbank (SC MOBILAIUD SRL) aufgenommen werden, und dr\u00fcckt seine ausdr\u00fcckliche und eindeutige Zustimmung aus, dass alle diese pers\u00f6nlichen Daten gespeichert, verwendet und verarbeitet werden, zu den oben unter Ziffer 3. genannten Zwecken.<\/p>\n<p>Durch die Lekt\u00fcre dieser Informationen erkl\u00e4rt der K\u00e4ufer, dass er gelesen, verstanden und damit einverstanden ist, dass der Betreiber von SC MOBILAIUD SRL personenbezogene Daten gem\u00e4\u00df den Anforderungen des Gesetzes Nr. 506\/2004 DSGVO (2016\/679) unter gleichzeitiger Kenntnisnahme der Rechte, die durch diese gesetzlichen Bestimmungen verliehen werden.<\/p>\n<p>Wenn Sie \u00fcber den oben &nbsp;genannten&nbsp;Zweck informiert &nbsp;werden m\u00f6chten,&nbsp;stimmen Sie uns&nbsp;bitte zu. Sie k\u00f6nnen&nbsp;diese&nbsp;Funktion jederzeit deaktivieren und verlangen,&nbsp;dass Ihre&nbsp;Kontaktinformationen ge\u00e4ndert oder gel\u00f6scht werden.<\/p>\n<\/div>\n","protected":false},"excerpt":{"rendered":"<p>www.mobilaiud.ro (MOBILAIUD, wir, der Verk\u00e4ufer) ist eine Website, die von SC MOBILAIUD SRL verwaltet wird. 1. Allgemeines Allgemeine Datenschutzverordnung Nr. 679\/2016 (im Folgenden DSGVO genannt) zum Schutz nat\u00fcrlicher Personen bei der Verarbeitung personenbezogener Daten und zum freien Datenverkehr gilt ab dem 25.05.2018 in allen L\u00e4ndern der Europ\u00e4ischen Union. Diese Verordnung [&hellip;]<\/p>\n","protected":false},"author":6,"featured_media":0,"parent":0,"menu_order":0,"comment_status":"closed","ping_status":"closed","template":"","meta":{"ngg_post_thumbnail":0},"aioseo_notices":[],"_links":{"self":[{"href":"https:\/\/mobilaiud.ro\/de\/wp-json\/wp\/v2\/pages\/3237"}],"collection":[{"href":"https:\/\/mobilaiud.ro\/de\/wp-json\/wp\/v2\/pages"}],"about":[{"href":"https:\/\/mobilaiud.ro\/de\/wp-json\/wp\/v2\/types\/page"}],"author":[{"embeddable":true,"href":"https:\/\/mobilaiud.ro\/de\/wp-json\/wp\/v2\/users\/6"}],"replies":[{"embeddable":true,"href":"https:\/\/mobilaiud.ro\/de\/wp-json\/wp\/v2\/comments?post=3237"}],"version-history":[{"count":0,"href":"https:\/\/mobilaiud.ro\/de\/wp-json\/wp\/v2\/pages\/3237\/revisions"}],"wp:attachment":[{"href":"https:\/\/mobilaiud.ro\/de\/wp-json\/wp\/v2\/media?parent=3237"}],"curies":[{"name":"wp","href":"https:\/\/api.w.org\/{rel}","templated":true}]}}