{"id":3112,"date":"2018-09-03T09:11:25","date_gmt":"2018-09-03T09:11:25","guid":{"rendered":"https:\/\/mobilaiud.ro\/das-zuhause\/"},"modified":"2026-01-20T13:19:03","modified_gmt":"2026-01-20T13:19:03","slug":"das-zuhause","status":"publish","type":"page","link":"https:\/\/mobilaiud.ro\/de\/","title":{"rendered":"Das Zuhause"},"content":{"rendered":"<div id=\"pl-3112\"  class=\"panel-layout\" ><div id=\"pg-3112-0\"  class=\"panel-grid panel-no-style\" ><div id=\"pgc-3112-0-0\"  class=\"panel-grid-cell panel-grid-cell-empty\" ><\/div><\/div><div id=\"pg-3112-1\"  class=\"panel-grid panel-no-style\" ><div id=\"pgc-3112-1-0\"  class=\"panel-grid-cell panel-grid-cell-empty\" ><\/div><div id=\"pgc-3112-1-1\"  class=\"panel-grid-cell panel-grid-cell-mobile-last\" ><\/div><div id=\"pgc-3112-1-2\"  class=\"panel-grid-cell panel-grid-cell-empty\" ><\/div><\/div><div id=\"pg-3112-2\"  class=\"panel-grid panel-no-style\" ><div id=\"pgc-3112-2-0\"  class=\"panel-grid-cell\" ><div id=\"panel-3112-2-0-0\" class=\"widget_text so-panel widget widget_custom_html panel-first-child panel-last-child\" data-index=\"1\" ><div class=\"textwidget custom-html-widget\"><div class=\"section-title text-center wow zoomIn\"><h2>M\u00f6belkategorien<\/h2><span><\/span> <\/div><\/div><\/div><\/div><\/div><div id=\"pg-3112-3\"  class=\"panel-grid panel-no-style\" ><div id=\"pgc-3112-3-0\"  class=\"panel-grid-cell panel-grid-cell-empty\" ><\/div><div id=\"pgc-3112-3-1\"  class=\"panel-grid-cell\" ><div id=\"panel-3112-3-1-0\" class=\"widget_text so-panel widget widget_custom_html panel-first-child panel-last-child\" data-index=\"2\" ><div class=\"textwidget custom-html-widget\"><div class=\"image-button-wrapper\">\n  <img src=\"https:\/\/mobilaiud.ro\/wp-content\/uploads\/2018\/10\/3-600x400.jpg\" alt=\"Standard-Sets\" class=\"image-cover\">\n  <a href=\"https:\/\/mobilaiud.ro\/de\/produktkategorien\/standard-sets-de\/\" class=\"button-link\">\n    <button class=\"but2\" id=\"first\">Standard-Sets<\/button>\n  <\/a>\n<\/div><\/div><\/div><\/div><div id=\"pgc-3112-3-2\"  class=\"panel-grid-cell\" ><div id=\"panel-3112-3-2-0\" class=\"widget_text so-panel widget widget_custom_html panel-first-child panel-last-child\" data-index=\"3\" ><div class=\"textwidget custom-html-widget\"><div class=\"image-button-wrapper\">\n  <img src=\"https:\/\/mobilaiud.ro\/wp-content\/uploads\/2019\/10\/LZ__0124-600x400.jpg\" alt=\"Standard-Sets\" class=\"image-cover\">\n  <a href=\"https:\/\/mobilaiud.ro\/de\/produktkategorien\/ruckenlehnen-sets\/\" class=\"button-link\">\n    <button class=\"but2\" id=\"first\">R\u00fcckenlehnen-Sets<\/button>\n  <\/a>\n<\/div><\/div><\/div><\/div><div id=\"pgc-3112-3-3\"  class=\"panel-grid-cell panel-grid-cell-mobile-last\" ><div id=\"panel-3112-3-3-0\" class=\"widget_text so-panel widget widget_custom_html panel-first-child panel-last-child\" data-index=\"4\" ><div class=\"textwidget custom-html-widget\"><div class=\"image-button-wrapper\">\n  <img src=\"https:\/\/mobilaiud.ro\/wp-content\/uploads\/2019\/11\/LZ__3504.jpg\" alt=\"Standard-Sets\" class=\"image-cover\">\n  <a href=\"https:\/\/mobilaiud.ro\/de\/produktkategorien\/balkonsets\/\" class=\"button-link\">\n    <button class=\"but2\" id=\"first\">Balkonsets<\/button>\n  <\/a>\n<\/div><\/div><\/div><\/div><div id=\"pgc-3112-3-4\"  class=\"panel-grid-cell panel-grid-cell-empty\" ><\/div><\/div><div id=\"pg-3112-4\"  class=\"panel-grid panel-no-style\" ><div id=\"pgc-3112-4-0\"  class=\"panel-grid-cell panel-grid-cell-empty\" ><\/div><div id=\"pgc-3112-4-1\"  class=\"panel-grid-cell\" ><div id=\"panel-3112-4-1-0\" class=\"widget_text so-panel widget widget_custom_html panel-first-child panel-last-child\" data-index=\"5\" ><div class=\"textwidget custom-html-widget\"><div class=\"image-button-wrapper\">\n  <img src=\"https:\/\/mobilaiud.ro\/wp-content\/uploads\/2019\/11\/DSCF2169.jpg\" alt=\"Standard-Sets\" class=\"image-cover\">\n  <a href=\"https:\/\/mobilaiud.ro\/de\/produktkategorien\/kindersets-freundlicher\/\" class=\"button-link\">\n    <button class=\"but2\" id=\"first\">Kindersets<\/button>\n  <\/a>\n<\/div><\/div><\/div><\/div><div id=\"pgc-3112-4-2\"  class=\"panel-grid-cell\" ><div id=\"panel-3112-4-2-0\" class=\"widget_text so-panel widget widget_custom_html panel-first-child panel-last-child\" data-index=\"6\" ><div class=\"textwidget custom-html-widget\"><div class=\"image-button-wrapper\">\n  <img src=\"https:\/\/mobilaiud.ro\/wp-content\/uploads\/2018\/10\/LZ__0006-600x900.jpg\" alt=\"Standard-Sets\" class=\"image-cover\">\n  <a href=\"https:\/\/mobilaiud.ro\/de\/produktkategorien\/hohe-klappbare-tische\/\" class=\"button-link\">\n    <button class=\"but2\" id=\"first\">Hohe, klappbare Tische<\/button>\n  <\/a>\n<\/div><\/div><\/div><\/div><div id=\"pgc-3112-4-3\"  class=\"panel-grid-cell panel-grid-cell-mobile-last\" ><div id=\"panel-3112-4-3-0\" class=\"widget_text so-panel widget widget_custom_html panel-first-child panel-last-child\" data-index=\"7\" ><div class=\"textwidget custom-html-widget\"><div class=\"image-button-wrapper\">\n  <img src=\"https:\/\/mobilaiud.ro\/wp-content\/uploads\/2018\/10\/LZ__0027-600x400.jpg\" alt=\"Standard-Sets\" class=\"image-cover\">\n  <a href=\"https:\/\/mobilaiud.ro\/de\/produktkategorien\/gartenmobel\/\" class=\"button-link\">\n    <button class=\"but2\" id=\"first\">Gartenm\u00f6bel<\/button>\n  <\/a>\n<\/div><\/div><\/div><\/div><div id=\"pgc-3112-4-4\"  class=\"panel-grid-cell panel-grid-cell-empty\" ><\/div><\/div><div id=\"pg-3112-5\"  class=\"panel-grid panel-no-style\" ><div id=\"pgc-3112-5-0\"  class=\"panel-grid-cell panel-grid-cell-empty\" ><\/div><div id=\"pgc-3112-5-1\"  class=\"panel-grid-cell\" ><div id=\"panel-3112-5-1-0\" class=\"widget_text so-panel widget widget_custom_html panel-first-child panel-last-child\" data-index=\"8\" ><div class=\"textwidget custom-html-widget\"><div class=\"image-button-wrapper\">\n  <img src=\"https:\/\/mobilaiud.ro\/wp-content\/uploads\/2019\/09\/LZ__9859.jpg\" alt=\"Standard-Sets\" class=\"image-cover\">\n  <a href=\"https:\/\/mobilaiud.ro\/de\/produktkategorien\/sondersets\/\" class=\"button-link\">\n    <button class=\"but2\" id=\"first\">Sondersets, Brauerei<\/button>\n  <\/a>\n<\/div><\/div><\/div><\/div><div id=\"pgc-3112-5-2\"  class=\"panel-grid-cell\" ><div id=\"panel-3112-5-2-0\" class=\"widget_text so-panel widget widget_custom_html panel-first-child panel-last-child\" data-index=\"9\" ><div class=\"textwidget custom-html-widget\"><div class=\"image-button-wrapper\">\n  <img src=\"https:\/\/mobilaiud.ro\/wp-content\/uploads\/2018\/10\/LZ__0015-600x400.jpg\" alt=\"Standard-Sets\" class=\"image-cover\">\n  <a href=\"https:\/\/mobilaiud.ro\/de\/produktkategorien\/gartenbanke-park\/\" class=\"button-link\">\n    <button class=\"but2\" id=\"first\">Gartenb\u00e4nke, Park<\/button>\n  <\/a>\n<\/div><\/div><\/div><\/div><div id=\"pgc-3112-5-3\"  class=\"panel-grid-cell panel-grid-cell-mobile-last\" ><div id=\"panel-3112-5-3-0\" class=\"widget_text so-panel widget widget_custom_html panel-first-child panel-last-child\" data-index=\"10\" ><div class=\"textwidget custom-html-widget\"><div class=\"image-button-wrapper\">\n  <img src=\"https:\/\/mobilaiud.ro\/wp-content\/uploads\/2019\/10\/LZ__4308-600x400.jpg\" alt=\"Standard-Sets\" class=\"image-cover\">\n  <a href=\"https:\/\/mobilaiud.ro\/de\/produktkategorien\/runde-ovale-sets\/\" class=\"button-link\">\n    <button class=\"but2\" id=\"first\">Runde, ovale Sets<\/button>\n  <\/a>\n<\/div><\/div><\/div><\/div><div id=\"pgc-3112-5-4\"  class=\"panel-grid-cell panel-grid-cell-empty\" ><\/div><\/div><div id=\"pg-3112-6\"  class=\"panel-grid panel-no-style\" ><div id=\"pgc-3112-6-0\"  class=\"panel-grid-cell panel-grid-cell-empty\" ><\/div><div id=\"pgc-3112-6-1\"  class=\"panel-grid-cell\" ><div id=\"panel-3112-6-1-0\" class=\"widget_text so-panel widget widget_custom_html panel-first-child panel-last-child\" data-index=\"11\" ><div class=\"textwidget custom-html-widget\"><div class=\"image-button-wrapper\">\n  <img src=\"https:\/\/mobilaiud.ro\/wp-content\/uploads\/2023\/12\/Casuta-Practic.jpg\" alt=\"Standard-Sets\" class=\"image-cover\">\n  <a href=\"https:\/\/mobilaiud.ro\/de\/produktkategorien\/gartengerateheuser\/\" class=\"button-link\">\n    <button class=\"but2\" id=\"first\">Gartenger\u00e4teheuser<\/button>\n  <\/a>\n<\/div><\/div><\/div><\/div><div id=\"pgc-3112-6-2\"  class=\"panel-grid-cell\" ><div id=\"panel-3112-6-2-0\" class=\"widget_text so-panel widget widget_custom_html panel-first-child panel-last-child\" data-index=\"12\" ><div class=\"textwidget custom-html-widget\"><div class=\"image-button-wrapper\">\n  <img src=\"https:\/\/mobilaiud.ro\/wp-content\/uploads\/2025\/04\/brichete-5-scaled.jpg\" alt=\"Pellets\/Briketts\" class=\"image-cover\">\n  <a href=\"https:\/\/mobilaiud.ro\/de\/produktkategorien\/pellets-briketts\/\" class=\"button-link\">\n    <button class=\"but2\" id=\"first\">Pellets\/Briketts<\/button>\n  <\/a>\n<\/div><\/div><\/div><\/div><div id=\"pgc-3112-6-3\"  class=\"panel-grid-cell panel-grid-cell-empty panel-grid-cell-mobile-last\" ><\/div><div id=\"pgc-3112-6-4\"  class=\"panel-grid-cell panel-grid-cell-empty\" ><\/div><\/div><div id=\"pg-3112-7\"  class=\"panel-grid panel-no-style\" ><div id=\"pgc-3112-7-0\"  class=\"panel-grid-cell panel-grid-cell-empty\" ><\/div><\/div><div id=\"pg-3112-8\"  class=\"panel-grid panel-no-style\" ><div id=\"pgc-3112-8-0\"  class=\"panel-grid-cell panel-grid-cell-empty\" ><\/div><div id=\"pgc-3112-8-1\"  class=\"panel-grid-cell\" ><div id=\"panel-3112-8-1-0\" class=\"so-panel widget widget_media_image panel-first-child panel-last-child\" data-index=\"13\" ><div class=\"panel-widget-style panel-widget-style-for-3112-8-1-0\" ><a href=\"https:\/\/mobilaiud.ro\/de\/unsere-fabrik\/\"><img width=\"300\" height=\"122\" src=\"https:\/\/mobilaiud.ro\/wp-content\/uploads\/2019\/09\/1-8-300x122-1.jpg\" class=\"image wp-image-650  attachment-full size-full\" alt=\"\" loading=\"lazy\" style=\"max-width: 100%; height: auto;\" \/><\/a><\/div><\/div><\/div><div id=\"pgc-3112-8-2\"  class=\"panel-grid-cell\" ><div id=\"panel-3112-8-2-0\" class=\"so-panel widget widget_media_image panel-first-child panel-last-child\" data-index=\"14\" ><div class=\"panel-widget-style panel-widget-style-for-3112-8-2-0\" ><img width=\"300\" height=\"122\" src=\"https:\/\/mobilaiud.ro\/wp-content\/uploads\/2018\/12\/punct-de-lucru-300x122.jpg\" class=\"image wp-image-467  attachment-medium size-medium\" alt=\"\" loading=\"lazy\" style=\"max-width: 100%; height: auto;\" \/><\/div><\/div><\/div><div id=\"pgc-3112-8-3\"  class=\"panel-grid-cell panel-grid-cell-mobile-last\" ><div id=\"panel-3112-8-3-0\" class=\"so-panel widget widget_media_image panel-first-child panel-last-child\" data-index=\"15\" ><div class=\"panel-widget-style panel-widget-style-for-3112-8-3-0\" ><img width=\"300\" height=\"122\" src=\"https:\/\/mobilaiud.ro\/wp-content\/uploads\/2022\/06\/contact-homepage.jpg\" class=\"image wp-image-3249  attachment-full size-full\" alt=\"\" loading=\"lazy\" style=\"max-width: 100%; height: auto;\" \/><\/div><\/div><\/div><div id=\"pgc-3112-8-4\"  class=\"panel-grid-cell panel-grid-cell-empty\" ><\/div><\/div><div id=\"pg-3112-9\"  class=\"panel-grid panel-no-style\" ><div id=\"pgc-3112-9-0\"  class=\"panel-grid-cell panel-grid-cell-empty\" ><\/div><div id=\"pgc-3112-9-1\"  class=\"panel-grid-cell\" ><div id=\"panel-3112-9-1-0\" class=\"widget_text so-panel widget widget_custom_html panel-first-child panel-last-child\" data-index=\"16\" ><div class=\"textwidget custom-html-widget\">\r\n\t<div class=\"paoc-image-popup\">\r\n\t\t<a class=\"paoc-popup-click paoc-popup-cust-586 paoc-popup-image paoc-popup-image\" href=\"javascript:void(0);\"><img class=\"popupaoc-img\" src=\"https:\/\/necsys.ro\/mobilaiud\/wp-content\/uploads\/2019\/08\/LZ__1051-300x200.jpg\" alt=\"\" \/><\/a>\r\n\r\n\t\t\t<\/div>\r\n\r\n<\/div><\/div><\/div><div id=\"pgc-3112-9-2\"  class=\"panel-grid-cell\" ><div id=\"panel-3112-9-2-0\" class=\"widget_text so-panel widget widget_custom_html panel-first-child panel-last-child\" data-index=\"17\" ><div class=\"textwidget custom-html-widget\">\r\n\t<div class=\"paoc-image-popup\">\r\n\t\t<a class=\"paoc-popup-click paoc-popup-cust-585 paoc-popup-image paoc-popup-image\" href=\"javascript:void(0);\"><img class=\"popupaoc-img\" src=\"https:\/\/necsys.ro\/mobilaiud\/wp-content\/uploads\/2019\/08\/LZ__1043-300x200.jpg\" alt=\"\" \/><\/a>\r\n\r\n\t\t\t<\/div>\r\n\r\n <\/div><\/div><\/div><div id=\"pgc-3112-9-3\"  class=\"panel-grid-cell panel-grid-cell-mobile-last\" ><div id=\"panel-3112-9-3-0\" class=\"widget_text so-panel widget widget_custom_html panel-first-child panel-last-child\" data-index=\"18\" ><div class=\"textwidget custom-html-widget\">\r\n\t<div class=\"paoc-image-popup\">\r\n\t\t<a class=\"paoc-popup-click paoc-popup-cust-587 paoc-popup-image paoc-popup-image\" href=\"javascript:void(0);\"><img class=\"popupaoc-img\" src=\"https:\/\/necsys.ro\/mobilaiud\/wp-content\/uploads\/2019\/09\/lz-300x200.jpg\" alt=\"\" \/><\/a>\r\n\r\n\t\t\t<\/div>\r\n\r\n <\/div><\/div><\/div><div id=\"pgc-3112-9-4\"  class=\"panel-grid-cell panel-grid-cell-empty\" ><\/div><\/div><div id=\"pg-3112-10\"  class=\"panel-grid panel-has-style\" ><div class=\"panel-row-style panel-row-style-for-3112-10\" ><div id=\"pgc-3112-10-0\"  class=\"panel-grid-cell panel-grid-cell-empty\" ><\/div><div id=\"pgc-3112-10-1\"  class=\"panel-grid-cell\" ><div id=\"panel-3112-10-1-0\" class=\"widget_text so-panel widget widget_custom_html panel-first-child panel-last-child\" data-index=\"19\" ><div class=\"widget_text thisclassrighthere panel-widget-style panel-widget-style-for-3112-10-1-0\" ><div class=\"textwidget custom-html-widget\">\r\n\t<div class=\"paoc-image-popup\">\r\n\t\t<a class=\"paoc-popup-click paoc-popup-cust-3749 paoc-popup-image paoc-popup-image\" href=\"javascript:void(0);\"><img class=\"popupaoc-img\" src=\"https:\/\/mobilaiud.ro\/wp-content\/uploads\/2025\/04\/FSC_C041267_.jpg\" alt=\"\" \/><\/a>\r\n\r\n\t\t\t<\/div>\r\n\r\n<\/div><\/div><\/div><\/div><div id=\"pgc-3112-10-2\"  class=\"panel-grid-cell\" ><div id=\"panel-3112-10-2-0\" class=\"widget_text so-panel widget widget_custom_html panel-first-child panel-last-child\" data-index=\"20\" ><div class=\"textwidget custom-html-widget\">\r\n\t<div class=\"paoc-image-popup\">\r\n\t\t<a class=\"paoc-popup-click paoc-popup-cust-3760 paoc-popup-image paoc-popup-image\" href=\"javascript:void(0);\"><img class=\"popupaoc-img\" src=\"https:\/\/mobilaiud.ro\/wp-content\/uploads\/2025\/04\/sa8000-460x500.png\" alt=\"\" \/><\/a>\r\n\r\n\t\t\t<\/div>\r\n\r\n<\/div><\/div><\/div><div id=\"pgc-3112-10-3\"  class=\"panel-grid-cell\" ><div id=\"panel-3112-10-3-0\" class=\"widget_text so-panel widget widget_custom_html panel-first-child\" data-index=\"21\" ><div class=\"textwidget custom-html-widget\">\r\n\t<div class=\"paoc-image-popup\">\r\n\t\t<a class=\"paoc-popup-click paoc-popup-cust-3773 paoc-popup-image paoc-popup-image\" href=\"javascript:void(0);\"><img class=\"popupaoc-img\" src=\"https:\/\/mobilaiud.ro\/wp-content\/uploads\/2025\/04\/CGL-iso-45001-2018.jpg\" alt=\"\" \/><\/a>\r\n\r\n\t\t\t<\/div>\r\n\r\n<\/div><\/div><div id=\"panel-3112-10-3-1\" class=\"so-panel widget widget_text panel-last-child\" data-index=\"22\" >\t\t\t<div class=\"textwidget\"><p><a style=\"color: #000;\" href=\"https:\/\/mobilaiud.ro\/wp-content\/uploads\/2026\/01\/Politica-ILO.pdf\" target=\"_blank\" rel=\"noopener\"><strong>EUDR<\/strong><br \/>\n<\/a><\/p>\n<\/div>\n\t\t<\/div><\/div><div id=\"pgc-3112-10-4\"  class=\"panel-grid-cell\" ><div id=\"panel-3112-10-4-0\" class=\"widget_text so-panel widget widget_custom_html panel-first-child\" data-index=\"23\" ><div class=\"textwidget custom-html-widget\">\r\n\t<div class=\"paoc-image-popup\">\r\n\t\t<a class=\"paoc-popup-click paoc-popup-cust-3788 paoc-popup-image paoc-popup-image\" href=\"javascript:void(0);\"><img class=\"popupaoc-img\" src=\"https:\/\/mobilaiud.ro\/wp-content\/uploads\/2025\/04\/CGL-iso-14001-2015.jpg\" alt=\"\" \/><\/a>\r\n\r\n\t\t\t<\/div>\r\n\r\n<\/div><\/div><div id=\"panel-3112-10-4-1\" class=\"so-panel widget widget_text panel-last-child\" data-index=\"24\" >\t\t\t<div class=\"textwidget\"><p>&nbsp;<\/p>\n<\/div>\n\t\t<\/div><\/div><div id=\"pgc-3112-10-5\"  class=\"panel-grid-cell panel-grid-cell-mobile-last\" ><div id=\"panel-3112-10-5-0\" class=\"widget_text so-panel widget widget_custom_html panel-first-child\" data-index=\"25\" ><div class=\"textwidget custom-html-widget\">\r\n\t<div class=\"paoc-image-popup\">\r\n\t\t<a class=\"paoc-popup-click paoc-popup-cust-3791 paoc-popup-image paoc-popup-image\" href=\"javascript:void(0);\"><img class=\"popupaoc-img\" src=\"https:\/\/mobilaiud.ro\/wp-content\/uploads\/2025\/04\/CGL-iso-9001-2015.jpg\" alt=\"\" \/><\/a>\r\n\r\n\t\t\t<\/div>\r\n\r\n<\/div><\/div><div id=\"panel-3112-10-5-1\" class=\"so-panel widget widget_text panel-last-child\" data-index=\"26\" >\t\t\t<div class=\"textwidget\"><p>&nbsp;<\/p>\n<\/div>\n\t\t<\/div><\/div><div id=\"pgc-3112-10-6\"  class=\"panel-grid-cell panel-grid-cell-empty\" ><\/div><\/div><\/div><\/div>","protected":false},"excerpt":{"rendered":"<p>M\u00f6belkategorien Standard-Sets R\u00fcckenlehnen-Sets Balkonsets Kindersets Hohe, klappbare Tische Gartenm\u00f6bel Sondersets, Brauerei Gartenb\u00e4nke, Park Runde, ovale Sets Gartenger\u00e4teheuser Pellets\/Briketts EUDR &nbsp; &nbsp;<\/p>\n","protected":false},"author":6,"featured_media":0,"parent":0,"menu_order":0,"comment_status":"closed","ping_status":"closed","template":"template-page-builder-no-sidebar.php","meta":{"ngg_post_thumbnail":0},"aioseo_notices":[],"_links":{"self":[{"href":"https:\/\/mobilaiud.ro\/de\/wp-json\/wp\/v2\/pages\/3112"}],"collection":[{"href":"https:\/\/mobilaiud.ro\/de\/wp-json\/wp\/v2\/pages"}],"about":[{"href":"https:\/\/mobilaiud.ro\/de\/wp-json\/wp\/v2\/types\/page"}],"author":[{"embeddable":true,"href":"https:\/\/mobilaiud.ro\/de\/wp-json\/wp\/v2\/users\/6"}],"replies":[{"embeddable":true,"href":"https:\/\/mobilaiud.ro\/de\/wp-json\/wp\/v2\/comments?post=3112"}],"version-history":[{"count":1,"href":"https:\/\/mobilaiud.ro\/de\/wp-json\/wp\/v2\/pages\/3112\/revisions"}],"predecessor-version":[{"id":3198,"href":"https:\/\/mobilaiud.ro\/de\/wp-json\/wp\/v2\/pages\/3112\/revisions\/3198"}],"wp:attachment":[{"href":"https:\/\/mobilaiud.ro\/de\/wp-json\/wp\/v2\/media?parent=3112"}],"curies":[{"name":"wp","href":"https:\/\/api.w.org\/{rel}","templated":true}]}}