{"id":3110,"date":"2018-08-29T06:43:51","date_gmt":"2018-08-29T06:43:51","guid":{"rendered":"https:\/\/mobilaiud.ro\/ueber-uns\/"},"modified":"2018-08-29T06:43:51","modified_gmt":"2018-08-29T06:43:51","slug":"ueber-uns","status":"publish","type":"page","link":"https:\/\/mobilaiud.ro\/de\/ueber-uns\/","title":{"rendered":"\u00dcber Uns"},"content":{"rendered":"<div id=\"pl-3110\"  class=\"panel-layout\" ><div id=\"pg-3110-0\"  class=\"panel-grid panel-no-style\" ><div id=\"pgc-3110-0-0\"  class=\"panel-grid-cell panel-grid-cell-empty\" ><\/div><div id=\"pgc-3110-0-1\"  class=\"panel-grid-cell panel-grid-cell-mobile-last\" ><div id=\"panel-3110-0-1-0\" class=\"so-panel widget widget_sow-editor panel-first-child panel-last-child\" data-index=\"0\" ><div\n\t\t\t\n\t\t\tclass=\"so-widget-sow-editor so-widget-sow-editor-base\"\n\t\t\t\n\t\t>\n<div class=\"siteorigin-widget-tinymce textwidget\">\n\t<div style=\"text-align: justify; padding: 45px 15px;\">\n<h3>\u00dcber uns<\/h3>\n<p>Mobilaiud ist ein Unternehmen mit vollst\u00e4ndig privatem Kapital, mit sitz in Siebenb\u00fcrgen, R\u0103de\u0219ti Stadt, Alba Bezirk, Rum\u00e4nien.<\/p>\n<p><img loading=\"lazy\" width=\"5467\" height=\"1516\" src=\"https:\/\/mobilaiud.ro\/wp-content\/uploads\/2019\/11\/mobilaiudechipa.jpg\" alt=\"\" class=\"alignnone size-medium wp-image-1170\" style=\"object-fit: cover;\" srcset=\"https:\/\/mobilaiud.ro\/wp-content\/uploads\/2019\/11\/mobilaiudechipa.jpg 5467w, https:\/\/mobilaiud.ro\/wp-content\/uploads\/2019\/11\/mobilaiudechipa-300x83.jpg 300w, https:\/\/mobilaiud.ro\/wp-content\/uploads\/2019\/11\/mobilaiudechipa-768x213.jpg 768w, https:\/\/mobilaiud.ro\/wp-content\/uploads\/2019\/11\/mobilaiudechipa-1024x284.jpg 1024w, https:\/\/mobilaiud.ro\/wp-content\/uploads\/2019\/11\/mobilaiudechipa-600x166.jpg 600w\" sizes=\"(max-width: 5467px) 100vw, 5467px\" \/><\/p>\n<p>Das Unternehmen besch\u00e4ftigt derzeit 100 Mitarbeiter und fertigt M\u00f6bel f\u00fcr den Export, wobei das gesamte Sortiment an Gartenm\u00f6beln haupts\u00e4chlich an gro\u00dfe Handelsketten und Lagerh\u00e4user in Deutschland, der Schweiz, \u00d6sterreich, Belgien, den Niederlanden, Ungarn, Frankreich, Italien und nat\u00fcrlich Rum\u00e4nien geliefert wird, insbesondere \"Festzeltgarnitur\", Brauereigarnituren art. Das Unternehmen wurde im Jahr 1993 gegr\u00fcndet und ist seit seiner Gr\u00fcndung ein Familienunternehmen.<br>\nAlles begann mit dem Wunsch, hochwertige, nachhaltige und \u00f6kologische Produkte herzustellen, die den von unseren Kunden gew\u00fcnschten Komfort gew\u00e4hrleisten. Ebenfalls aus Leidenschaft haben wir es in den \u00fcber 20 Jahren unserer T\u00e4tigkeit geschafft, Spezialisten f\u00fcr die Herstellung von Gartenm\u00f6beln zu sein und Standards f\u00fcr hohe Qualit\u00e4t zu gew\u00e4hrleisten .<br>\n<img src=\"https:\/\/mobilaiud.ro\/wp-content\/uploads\/2019\/11\/montaj2-e1573130839213.jpg\" alt=\"\" class=\"alignnone size-medium wp-image-1171\" style=\"object-fit: cover;\"><br>\nDie Fabrik ist auf einem Grundst\u00fcck von 6,5 ha errichtet und hat eine gebaute Fl\u00e4che von \u00fcber 3,5 ha. Es wurde eine Investition von \u00fcber 5,5 Millionen Euro get\u00e4tigt, bestehend aus dem Bau neuer Hallen und der Umtechnologisierung, in dem Sinne, dass eine Reihe von Hochleistungsmaschinen angeschafft wurden. Es wurde viel in Entsorgung und Recycling investiert und besondere Aufmerksamkeit auf die Mitarbeiterschulung gelegt, wobei Investitionen in die betriebliche Ausbildung, unserer Ansicht nach, mindestens genauso wichtig sind wie Investitionen in Patrimonium.Wir verstehen, dass wir immer mehr in einer informationsbasierten Wirtschaft leben, in der sich Technologie und Produktionsmethoden schnell und st\u00e4ndig \u00e4ndern. \u201eImmaterielles Kapital\u201c und Wissen produzieren den gr\u00f6\u00dften Mehrwert, bei dem nur ein \u201eKlick\u201c auf dem Computer so viel bedeuten k\u00f6nnte wie ein physisches Gut. Wir habem verstanden, dass die Humankapitalbildung mindestens genauso angegangen werden muss wie die Sachkapitalbildung, so dass die meisten unserer Kernmitarbeiter von Anfang an in unserem Unternehmen sind. Der Komplex verf\u00fcgt auch \u00fcber ein Logistikzentrum, das eine integrierte und organisierte Planung aller Materialien und Informationen gew\u00e4hrleistet, die f\u00fcr die Produktionsphase und die Vertriebsphase erforderlich sind, bis zur Lieferung der Produkte an die Kunden.<br>\nBesondere aufmerksamkeit ist immer auf den Umweltschutz gew\u00e4hrt. S\u00e4gesp\u00e4ne werden brikettiert und in eigenen hochmodernen W\u00e4rmekraftwerken mit Parametern gem\u00e4\u00df den Anforderungen der geltenden Vorschriften verbrannt. Das verwendete Holz, insbesonders Fichte, ist vollst\u00e4ndig zertifiziertes Holz.<br>\nDie Lackierung der Produkte erfolgt mit Hochleistungsanlagen und es werden ausschlie\u00dflich wasserbasierte Lacke verwendet.<br>\nDer gr\u00f6\u00dfte Teil der Produktion ist f\u00fcr den Export bestimmt, so dass \u00fcber 500 LKWs \/ Jahr ausgeliefert werden.<br>\nDer Umsatz des Unternehmens ist jedes Jahr gestiegen und hat 10 Millionen Euro \u00fcberschritten.<br>\nMobilaiud ist mittlerweile einer der f\u00fchrenden Hersteller von Gartenm\u00f6beln aus Nadelholz auf dem europ\u00e4ischen M\u00f6belmarkt.<br>\nMobilaiud hat eine interne Qualit\u00e4tspolitik gem\u00e4\u00df ISO 9001\/2015 Normen.<br>\nSie ist Inhaberin von ISO 14001\/2015, OHSAS 18001\/2007.<br>\nDar\u00fcber hinaus, arbeitet es mit sorgf\u00e4ltig ausgew\u00e4hltem Holz, Inhaber des FSC<sup>\u00ae<\/sup>-Zertifikats, der FSC<sup>\u00ae<\/sup>-C041267-Lizenz oder des PEFC-Zertifikats mit der Identifikationsnummer RO18 \/ 819942475, das garantiert, dass das verwendete Holz aus nachhaltig bewirtschafteten W\u00e4ldern stammt nach sozialen, \u00f6konomischen und \u00f6kologischen Kriterien.<br>\nWir verf\u00fcgen auch \u00fcber das wichtigste Zertifikat f\u00fcr soziale Verantwortung SA 8000, auf die neueste Version aktualisiert, Registrierungsnummer 27R10677.<br>\nDie oben beschriebene Entwicklung h\u00e4tte nicht stattfinden k\u00f6nnen ohne ein seri\u00f6ses und qualitativ hochwertiges Management, ohne eine nachhaltige, flei\u00dfige Arbeit, ohne eine Produktion zu erreichen, die sich sowohl quantitativ als auch qualitativ gem\u00e4\u00df den geltenden internationalen Standards kontinuierlich weiterentwickelt, ohne Menschen, die beharrlich, hartn\u00e4ckig und leidenschaftlich bei dem sind, was sie tun. All dies definiert und ist dem Mobilaiud-Team zu verdanken.<\/p>\n<\/div>\n<\/div>\n<\/div><\/div><\/div><div id=\"pgc-3110-0-2\"  class=\"panel-grid-cell panel-grid-cell-empty\" ><\/div><\/div><\/div>","protected":false},"excerpt":{"rendered":"<p>\u00dcber uns Mobilaiud ist ein Unternehmen mit vollst\u00e4ndig privatem Kapital, mit sitz in Siebenb\u00fcrgen, R\u0103de\u0219ti Stadt, Alba Bezirk, Rum\u00e4nien. Das Unternehmen besch\u00e4ftigt derzeit 100 Mitarbeiter und fertigt M\u00f6bel f\u00fcr den Export, wobei das gesamte Sortiment an Gartenm\u00f6beln haupts\u00e4chlich an gro\u00dfe Handelsketten und Lagerh\u00e4user in Deutschland, der Schweiz, \u00d6sterreich, Belgien, den [&hellip;]<\/p>\n","protected":false},"author":6,"featured_media":2767,"parent":0,"menu_order":0,"comment_status":"closed","ping_status":"closed","template":"template-page-builder-no-sidebar.php","meta":{"ngg_post_thumbnail":0},"aioseo_notices":[],"_links":{"self":[{"href":"https:\/\/mobilaiud.ro\/de\/wp-json\/wp\/v2\/pages\/3110"}],"collection":[{"href":"https:\/\/mobilaiud.ro\/de\/wp-json\/wp\/v2\/pages"}],"about":[{"href":"https:\/\/mobilaiud.ro\/de\/wp-json\/wp\/v2\/types\/page"}],"author":[{"embeddable":true,"href":"https:\/\/mobilaiud.ro\/de\/wp-json\/wp\/v2\/users\/6"}],"replies":[{"embeddable":true,"href":"https:\/\/mobilaiud.ro\/de\/wp-json\/wp\/v2\/comments?post=3110"}],"version-history":[{"count":0,"href":"https:\/\/mobilaiud.ro\/de\/wp-json\/wp\/v2\/pages\/3110\/revisions"}],"wp:featuredmedia":[{"embeddable":true,"href":"https:\/\/mobilaiud.ro\/de\/wp-json\/wp\/v2\/media\/2767"}],"wp:attachment":[{"href":"https:\/\/mobilaiud.ro\/de\/wp-json\/wp\/v2\/media?parent=3110"}],"curies":[{"name":"wp","href":"https:\/\/api.w.org\/{rel}","templated":true}]}}